{"id":3330,"date":"2026-05-12T05:09:36","date_gmt":"2026-05-12T02:09:36","guid":{"rendered":"https:\/\/eveikals.citro.lv\/ventspils\/veikals\/jogurts-saldkr-ar-krema-brule-piedevam-alma-380g\/"},"modified":"2026-05-12T05:09:42","modified_gmt":"2026-05-12T02:09:42","slug":"jogurts-saldkrejuma-alma-ar-kremu-brule-380g","status":"publish","type":"product","link":"https:\/\/ventspils.citro.lv\/ru\/veikals\/jogurts-saldkrejuma-alma-ar-kremu-brule-380g\/","title":{"rendered":"Jogurts saldkr\u0113juma Alma ar kr\u0113mu Brul\u0113 380g"},"content":{"rendered":"","protected":false},"excerpt":{"rendered":"<p>4.34 \u20ac\/kg<\/p>\n","protected":false},"featured_media":1259027,"template":"","meta":{"_acf_changed":false,"inline_featured_image":false},"product_cat":[95,100],"product_tag":[],"acf":[],"aioseo_notices":[],"_links":{"self":[{"href":"https:\/\/ventspils.citro.lv\/ru\/wp-json\/wp\/v2\/product\/3330"}],"collection":[{"href":"https:\/\/ventspils.citro.lv\/ru\/wp-json\/wp\/v2\/product"}],"about":[{"href":"https:\/\/ventspils.citro.lv\/ru\/wp-json\/wp\/v2\/types\/product"}],"wp:featuredmedia":[{"embeddable":true,"href":"https:\/\/ventspils.citro.lv\/ru\/wp-json\/wp\/v2\/media\/1259027"}],"wp:attachment":[{"href":"https:\/\/ventspils.citro.lv\/ru\/wp-json\/wp\/v2\/media?parent=3330"}],"wp:term":[{"taxonomy":"product_cat","embeddable":true,"href":"https:\/\/ventspils.citro.lv\/ru\/wp-json\/wp\/v2\/product_cat?post=3330"},{"taxonomy":"product_tag","embeddable":true,"href":"https:\/\/ventspils.citro.lv\/ru\/wp-json\/wp\/v2\/product_tag?post=3330"}],"curies":[{"name":"wp","href":"https:\/\/api.w.org\/{rel}","templated":true}]}}