{"id":33279,"date":"2026-04-28T02:12:39","date_gmt":"2026-04-27T23:12:39","guid":{"rendered":"https:\/\/ventspils.citro.lv\/veikals\/plumes-ashlock-200g\/"},"modified":"2026-04-30T11:41:14","modified_gmt":"2026-04-30T08:41:14","slug":"plumes-melnas-zavetas-alis-co-200g","status":"publish","type":"product","link":"https:\/\/ventspils.citro.lv\/ru\/veikals\/plumes-melnas-zavetas-alis-co-200g\/","title":{"rendered":"Pl\u016bmes meln\u0101s \u017e\u0101v\u0113tas Alis Co 200g"},"content":{"rendered":"","protected":false},"excerpt":{"rendered":"<p>13.45 \u20ac\/kg<\/p>\n","protected":false},"featured_media":1254005,"template":"","meta":{"_acf_changed":false,"inline_featured_image":false},"product_cat":[125,199],"product_tag":[],"acf":[],"aioseo_notices":[],"_links":{"self":[{"href":"https:\/\/ventspils.citro.lv\/ru\/wp-json\/wp\/v2\/product\/33279"}],"collection":[{"href":"https:\/\/ventspils.citro.lv\/ru\/wp-json\/wp\/v2\/product"}],"about":[{"href":"https:\/\/ventspils.citro.lv\/ru\/wp-json\/wp\/v2\/types\/product"}],"wp:featuredmedia":[{"embeddable":true,"href":"https:\/\/ventspils.citro.lv\/ru\/wp-json\/wp\/v2\/media\/1254005"}],"wp:attachment":[{"href":"https:\/\/ventspils.citro.lv\/ru\/wp-json\/wp\/v2\/media?parent=33279"}],"wp:term":[{"taxonomy":"product_cat","embeddable":true,"href":"https:\/\/ventspils.citro.lv\/ru\/wp-json\/wp\/v2\/product_cat?post=33279"},{"taxonomy":"product_tag","embeddable":true,"href":"https:\/\/ventspils.citro.lv\/ru\/wp-json\/wp\/v2\/product_tag?post=33279"}],"curies":[{"name":"wp","href":"https:\/\/api.w.org\/{rel}","templated":true}]}}