{"id":33264,"date":"2026-04-10T04:03:02","date_gmt":"2026-04-10T01:03:02","guid":{"rendered":"https:\/\/ventspils.citro.lv\/veikals\/biezputra-milupa-auglu-6men-saldam-miedzinam-250g\/"},"modified":"2026-04-10T04:03:07","modified_gmt":"2026-04-10T01:03:07","slug":"biezputra-milupa-auglu-10men-saldam-miedzinam-250g","status":"publish","type":"product","link":"https:\/\/ventspils.citro.lv\/ru\/veikals\/biezputra-milupa-auglu-10men-saldam-miedzinam-250g\/","title":{"rendered":"Biezputra Milupa aug\u013cu 10m\u0113n.Saldam miedzi\u0146am 250g"},"content":{"rendered":"","protected":false},"excerpt":{"rendered":"<p>15.64 \u20ac\/kg<\/p>\n","protected":false},"featured_media":1242738,"template":"","meta":{"_acf_changed":false,"inline_featured_image":false},"product_cat":[172,173],"product_tag":[],"acf":[],"aioseo_notices":[],"_links":{"self":[{"href":"https:\/\/ventspils.citro.lv\/ru\/wp-json\/wp\/v2\/product\/33264"}],"collection":[{"href":"https:\/\/ventspils.citro.lv\/ru\/wp-json\/wp\/v2\/product"}],"about":[{"href":"https:\/\/ventspils.citro.lv\/ru\/wp-json\/wp\/v2\/types\/product"}],"wp:featuredmedia":[{"embeddable":true,"href":"https:\/\/ventspils.citro.lv\/ru\/wp-json\/wp\/v2\/media\/1242738"}],"wp:attachment":[{"href":"https:\/\/ventspils.citro.lv\/ru\/wp-json\/wp\/v2\/media?parent=33264"}],"wp:term":[{"taxonomy":"product_cat","embeddable":true,"href":"https:\/\/ventspils.citro.lv\/ru\/wp-json\/wp\/v2\/product_cat?post=33264"},{"taxonomy":"product_tag","embeddable":true,"href":"https:\/\/ventspils.citro.lv\/ru\/wp-json\/wp\/v2\/product_tag?post=33264"}],"curies":[{"name":"wp","href":"https:\/\/api.w.org\/{rel}","templated":true}]}}