{"id":332149,"date":"2026-03-27T09:39:34","date_gmt":"2026-03-27T07:39:34","guid":{"rendered":"https:\/\/ventspils.citro.lv\/veikals\/mineraludens-mangali-vitafruit-pluskoku-citronu-1-5l-2\/"},"modified":"2026-03-27T09:39:40","modified_gmt":"2026-03-27T07:39:40","slug":"mineraludens-mangali-vitafruit-pluskoku-citronu-1-5l-2","status":"publish","type":"product","link":"https:\/\/ventspils.citro.lv\/ru\/veikals\/mineraludens-mangali-vitafruit-pluskoku-citronu-1-5l-2\/","title":{"rendered":"Miner\u0101l\u016bdens Manga\u013ci Vitafruit pl\u016b\u0161koku-citronu 1.5l"},"content":{"rendered":"","protected":false},"excerpt":{"rendered":"<p>1.09 \u20ac\/l<\/p>\n","protected":false},"featured_media":1236364,"template":"","meta":{"_acf_changed":false,"inline_featured_image":false},"product_cat":[106,186],"product_tag":[],"acf":[],"aioseo_notices":[],"_links":{"self":[{"href":"https:\/\/ventspils.citro.lv\/ru\/wp-json\/wp\/v2\/product\/332149"}],"collection":[{"href":"https:\/\/ventspils.citro.lv\/ru\/wp-json\/wp\/v2\/product"}],"about":[{"href":"https:\/\/ventspils.citro.lv\/ru\/wp-json\/wp\/v2\/types\/product"}],"wp:featuredmedia":[{"embeddable":true,"href":"https:\/\/ventspils.citro.lv\/ru\/wp-json\/wp\/v2\/media\/1236364"}],"wp:attachment":[{"href":"https:\/\/ventspils.citro.lv\/ru\/wp-json\/wp\/v2\/media?parent=332149"}],"wp:term":[{"taxonomy":"product_cat","embeddable":true,"href":"https:\/\/ventspils.citro.lv\/ru\/wp-json\/wp\/v2\/product_cat?post=332149"},{"taxonomy":"product_tag","embeddable":true,"href":"https:\/\/ventspils.citro.lv\/ru\/wp-json\/wp\/v2\/product_tag?post=332149"}],"curies":[{"name":"wp","href":"https:\/\/api.w.org\/{rel}","templated":true}]}}