{"id":3319,"date":"2026-04-24T07:30:46","date_gmt":"2026-04-24T04:30:46","guid":{"rendered":"https:\/\/eveikals.citro.lv\/ventspils\/veikals\/ella-saulespuku-saulenite-09l\/"},"modified":"2026-05-07T08:55:29","modified_gmt":"2026-05-07T05:55:29","slug":"ella-saulenite-saulespuku-0-9l","status":"publish","type":"product","link":"https:\/\/ventspils.citro.lv\/ru\/veikals\/ella-saulenite-saulespuku-0-9l\/","title":{"rendered":"E\u013c\u013ca Saulen\u012bte saulespu\u0137u 0.9l"},"content":{"rendered":"","protected":false},"excerpt":{"rendered":"<p>2.54 \u20ac\/l<\/p>\n","protected":false},"featured_media":1252309,"template":"","meta":{"_acf_changed":false,"inline_featured_image":false},"product_cat":[116,164],"product_tag":[],"acf":[],"aioseo_notices":[],"_links":{"self":[{"href":"https:\/\/ventspils.citro.lv\/ru\/wp-json\/wp\/v2\/product\/3319"}],"collection":[{"href":"https:\/\/ventspils.citro.lv\/ru\/wp-json\/wp\/v2\/product"}],"about":[{"href":"https:\/\/ventspils.citro.lv\/ru\/wp-json\/wp\/v2\/types\/product"}],"wp:featuredmedia":[{"embeddable":true,"href":"https:\/\/ventspils.citro.lv\/ru\/wp-json\/wp\/v2\/media\/1252309"}],"wp:attachment":[{"href":"https:\/\/ventspils.citro.lv\/ru\/wp-json\/wp\/v2\/media?parent=3319"}],"wp:term":[{"taxonomy":"product_cat","embeddable":true,"href":"https:\/\/ventspils.citro.lv\/ru\/wp-json\/wp\/v2\/product_cat?post=3319"},{"taxonomy":"product_tag","embeddable":true,"href":"https:\/\/ventspils.citro.lv\/ru\/wp-json\/wp\/v2\/product_tag?post=3319"}],"curies":[{"name":"wp","href":"https:\/\/api.w.org\/{rel}","templated":true}]}}