{"id":33169,"date":"2026-04-29T01:15:20","date_gmt":"2026-04-28T22:15:20","guid":{"rendered":"https:\/\/ventspils.citro.lv\/veikals\/jaukta-cukas-liellopu-malta-gala-500g\/"},"modified":"2026-04-29T01:15:33","modified_gmt":"2026-04-28T22:15:33","slug":"jaukta-cukas-liellopu-malta-galas-masa-500g","status":"publish","type":"product","link":"https:\/\/ventspils.citro.lv\/ru\/veikals\/jaukta-cukas-liellopu-malta-galas-masa-500g\/","title":{"rendered":"Jaukt\u0101 c\u016bkas, liellopu malt\u0101 ga\u013cas masa 500g"},"content":{"rendered":"","protected":false},"excerpt":{"rendered":"<p>6.38 \u20ac\/kg<\/p>\n","protected":false},"featured_media":1254774,"template":"","meta":{"_acf_changed":false,"inline_featured_image":false},"product_cat":[562,135],"product_tag":[],"acf":[],"aioseo_notices":[],"_links":{"self":[{"href":"https:\/\/ventspils.citro.lv\/ru\/wp-json\/wp\/v2\/product\/33169"}],"collection":[{"href":"https:\/\/ventspils.citro.lv\/ru\/wp-json\/wp\/v2\/product"}],"about":[{"href":"https:\/\/ventspils.citro.lv\/ru\/wp-json\/wp\/v2\/types\/product"}],"wp:featuredmedia":[{"embeddable":true,"href":"https:\/\/ventspils.citro.lv\/ru\/wp-json\/wp\/v2\/media\/1254774"}],"wp:attachment":[{"href":"https:\/\/ventspils.citro.lv\/ru\/wp-json\/wp\/v2\/media?parent=33169"}],"wp:term":[{"taxonomy":"product_cat","embeddable":true,"href":"https:\/\/ventspils.citro.lv\/ru\/wp-json\/wp\/v2\/product_cat?post=33169"},{"taxonomy":"product_tag","embeddable":true,"href":"https:\/\/ventspils.citro.lv\/ru\/wp-json\/wp\/v2\/product_tag?post=33169"}],"curies":[{"name":"wp","href":"https:\/\/api.w.org\/{rel}","templated":true}]}}