{"id":33161,"date":"2026-02-19T03:12:14","date_gmt":"2026-02-19T01:12:14","guid":{"rendered":"https:\/\/ventspils.citro.lv\/veikals\/silku-fil-gab-saldskaba-marin-selga-200g\/"},"modified":"2026-04-28T16:18:15","modified_gmt":"2026-04-28T13:18:15","slug":"silku-fil-gab-saldskaba-marin-selga-200g","status":"publish","type":"product","link":"https:\/\/ventspils.citro.lv\/ru\/veikals\/silku-fil-gab-saldskaba-marin-selga-200g\/","title":{"rendered":"Si\u013c\u0137u fil. gab. saldsk\u0101b\u0101 marin. Selga 200g"},"content":{"rendered":"","protected":false},"excerpt":{"rendered":"<p>5.23 \u20ac\/kg<\/p>\n","protected":false},"featured_media":1211485,"template":"","meta":{"_acf_changed":false,"inline_featured_image":false},"product_cat":[545,135],"product_tag":[],"acf":[],"aioseo_notices":[],"_links":{"self":[{"href":"https:\/\/ventspils.citro.lv\/ru\/wp-json\/wp\/v2\/product\/33161"}],"collection":[{"href":"https:\/\/ventspils.citro.lv\/ru\/wp-json\/wp\/v2\/product"}],"about":[{"href":"https:\/\/ventspils.citro.lv\/ru\/wp-json\/wp\/v2\/types\/product"}],"wp:featuredmedia":[{"embeddable":true,"href":"https:\/\/ventspils.citro.lv\/ru\/wp-json\/wp\/v2\/media\/1211485"}],"wp:attachment":[{"href":"https:\/\/ventspils.citro.lv\/ru\/wp-json\/wp\/v2\/media?parent=33161"}],"wp:term":[{"taxonomy":"product_cat","embeddable":true,"href":"https:\/\/ventspils.citro.lv\/ru\/wp-json\/wp\/v2\/product_cat?post=33161"},{"taxonomy":"product_tag","embeddable":true,"href":"https:\/\/ventspils.citro.lv\/ru\/wp-json\/wp\/v2\/product_tag?post=33161"}],"curies":[{"name":"wp","href":"https:\/\/api.w.org\/{rel}","templated":true}]}}