{"id":33043,"date":"2026-02-23T01:09:54","date_gmt":"2026-02-22T23:09:54","guid":{"rendered":"https:\/\/ventspils.citro.lv\/veikals\/silke-speciala-salijuma-1-55kg\/"},"modified":"2026-02-23T01:09:59","modified_gmt":"2026-02-22T23:09:59","slug":"silke-speciala-salijuma-1-55kg","status":"publish","type":"product","link":"https:\/\/ventspils.citro.lv\/ru\/veikals\/silke-speciala-salijuma-1-55kg\/","title":{"rendered":"Si\u013c\u0137e speci\u0101l\u0101 s\u0101l\u012bjum\u0101 1.55kg"},"content":{"rendered":"","protected":false},"excerpt":{"rendered":"<p>3.68 \u20ac\/kg<\/p>\n","protected":false},"featured_media":1213158,"template":"","meta":{"_acf_changed":false,"inline_featured_image":false},"product_cat":[545,135],"product_tag":[],"acf":[],"aioseo_notices":[],"_links":{"self":[{"href":"https:\/\/ventspils.citro.lv\/ru\/wp-json\/wp\/v2\/product\/33043"}],"collection":[{"href":"https:\/\/ventspils.citro.lv\/ru\/wp-json\/wp\/v2\/product"}],"about":[{"href":"https:\/\/ventspils.citro.lv\/ru\/wp-json\/wp\/v2\/types\/product"}],"wp:featuredmedia":[{"embeddable":true,"href":"https:\/\/ventspils.citro.lv\/ru\/wp-json\/wp\/v2\/media\/1213158"}],"wp:attachment":[{"href":"https:\/\/ventspils.citro.lv\/ru\/wp-json\/wp\/v2\/media?parent=33043"}],"wp:term":[{"taxonomy":"product_cat","embeddable":true,"href":"https:\/\/ventspils.citro.lv\/ru\/wp-json\/wp\/v2\/product_cat?post=33043"},{"taxonomy":"product_tag","embeddable":true,"href":"https:\/\/ventspils.citro.lv\/ru\/wp-json\/wp\/v2\/product_tag?post=33043"}],"curies":[{"name":"wp","href":"https:\/\/api.w.org\/{rel}","templated":true}]}}