{"id":33035,"date":"2026-03-28T02:03:54","date_gmt":"2026-03-28T00:03:54","guid":{"rendered":"https:\/\/ventspils.citro.lv\/veikals\/silkes-fileja-matje-ella-oniors-500g\/"},"modified":"2026-03-28T02:04:07","modified_gmt":"2026-03-28T00:04:07","slug":"silkes-fileja-matje-ella-oniors-500g","status":"publish","type":"product","link":"https:\/\/ventspils.citro.lv\/ru\/veikals\/silkes-fileja-matje-ella-oniors-500g\/","title":{"rendered":"Si\u013c\u0137es fileja Matje e\u013c\u013c\u0101 Oniors 500g"},"content":{"rendered":"","protected":false},"excerpt":{"rendered":"<p>7.38 \u20ac\/kg<\/p>\n","protected":false},"featured_media":1237367,"template":"","meta":{"_acf_changed":false,"inline_featured_image":false},"product_cat":[545,135],"product_tag":[],"acf":[],"aioseo_notices":[],"_links":{"self":[{"href":"https:\/\/ventspils.citro.lv\/ru\/wp-json\/wp\/v2\/product\/33035"}],"collection":[{"href":"https:\/\/ventspils.citro.lv\/ru\/wp-json\/wp\/v2\/product"}],"about":[{"href":"https:\/\/ventspils.citro.lv\/ru\/wp-json\/wp\/v2\/types\/product"}],"wp:featuredmedia":[{"embeddable":true,"href":"https:\/\/ventspils.citro.lv\/ru\/wp-json\/wp\/v2\/media\/1237367"}],"wp:attachment":[{"href":"https:\/\/ventspils.citro.lv\/ru\/wp-json\/wp\/v2\/media?parent=33035"}],"wp:term":[{"taxonomy":"product_cat","embeddable":true,"href":"https:\/\/ventspils.citro.lv\/ru\/wp-json\/wp\/v2\/product_cat?post=33035"},{"taxonomy":"product_tag","embeddable":true,"href":"https:\/\/ventspils.citro.lv\/ru\/wp-json\/wp\/v2\/product_tag?post=33035"}],"curies":[{"name":"wp","href":"https:\/\/api.w.org\/{rel}","templated":true}]}}