{"id":33033,"date":"2026-03-27T08:21:49","date_gmt":"2026-03-27T06:21:49","guid":{"rendered":"https:\/\/ventspils.citro.lv\/veikals\/silku-fileja-majas-gaume-dagi-500g-250g\/"},"modified":"2026-03-27T08:21:59","modified_gmt":"2026-03-27T06:21:59","slug":"silku-fileja-majas-gaume-dagi-500g-250g","status":"publish","type":"product","link":"https:\/\/ventspils.citro.lv\/ru\/veikals\/silku-fileja-majas-gaume-dagi-500g-250g\/","title":{"rendered":"Si\u013c\u0137u fileja M\u0101jas gaum\u0113 Dagi 500g\/250g"},"content":{"rendered":"","protected":false},"excerpt":{"rendered":"<p>14.76 \u20ac\/kg<\/p>\n","protected":false},"featured_media":1236061,"template":"","meta":{"_acf_changed":false,"inline_featured_image":false},"product_cat":[545,135],"product_tag":[],"acf":[],"aioseo_notices":[],"_links":{"self":[{"href":"https:\/\/ventspils.citro.lv\/ru\/wp-json\/wp\/v2\/product\/33033"}],"collection":[{"href":"https:\/\/ventspils.citro.lv\/ru\/wp-json\/wp\/v2\/product"}],"about":[{"href":"https:\/\/ventspils.citro.lv\/ru\/wp-json\/wp\/v2\/types\/product"}],"wp:featuredmedia":[{"embeddable":true,"href":"https:\/\/ventspils.citro.lv\/ru\/wp-json\/wp\/v2\/media\/1236061"}],"wp:attachment":[{"href":"https:\/\/ventspils.citro.lv\/ru\/wp-json\/wp\/v2\/media?parent=33033"}],"wp:term":[{"taxonomy":"product_cat","embeddable":true,"href":"https:\/\/ventspils.citro.lv\/ru\/wp-json\/wp\/v2\/product_cat?post=33033"},{"taxonomy":"product_tag","embeddable":true,"href":"https:\/\/ventspils.citro.lv\/ru\/wp-json\/wp\/v2\/product_tag?post=33033"}],"curies":[{"name":"wp","href":"https:\/\/api.w.org\/{rel}","templated":true}]}}