{"id":33013,"date":"2026-03-13T04:30:02","date_gmt":"2026-03-13T02:30:02","guid":{"rendered":"https:\/\/ventspils.citro.lv\/veikals\/salaka-korjuska-vitinata-60g\/"},"modified":"2026-03-13T04:30:13","modified_gmt":"2026-03-13T02:30:13","slug":"salaka-korjuska-vitinata-60g","status":"publish","type":"product","link":"https:\/\/ventspils.citro.lv\/ru\/veikals\/salaka-korjuska-vitinata-60g\/","title":{"rendered":"Salaka Korju\u0161ka v\u012btin\u0101ta 60g"},"content":{"rendered":"","protected":false},"excerpt":{"rendered":"<p>35.83 \u20ac\/kg<\/p>\n","protected":false},"featured_media":1225254,"template":"","meta":{"_acf_changed":false,"inline_featured_image":false},"product_cat":[550,135],"product_tag":[],"acf":[],"aioseo_notices":[],"_links":{"self":[{"href":"https:\/\/ventspils.citro.lv\/ru\/wp-json\/wp\/v2\/product\/33013"}],"collection":[{"href":"https:\/\/ventspils.citro.lv\/ru\/wp-json\/wp\/v2\/product"}],"about":[{"href":"https:\/\/ventspils.citro.lv\/ru\/wp-json\/wp\/v2\/types\/product"}],"wp:featuredmedia":[{"embeddable":true,"href":"https:\/\/ventspils.citro.lv\/ru\/wp-json\/wp\/v2\/media\/1225254"}],"wp:attachment":[{"href":"https:\/\/ventspils.citro.lv\/ru\/wp-json\/wp\/v2\/media?parent=33013"}],"wp:term":[{"taxonomy":"product_cat","embeddable":true,"href":"https:\/\/ventspils.citro.lv\/ru\/wp-json\/wp\/v2\/product_cat?post=33013"},{"taxonomy":"product_tag","embeddable":true,"href":"https:\/\/ventspils.citro.lv\/ru\/wp-json\/wp\/v2\/product_tag?post=33013"}],"curies":[{"name":"wp","href":"https:\/\/api.w.org\/{rel}","templated":true}]}}