{"id":33002,"date":"2026-04-08T04:25:01","date_gmt":"2026-04-08T01:25:01","guid":{"rendered":"https:\/\/ventspils.citro.lv\/veikals\/lasa-gab-tomatu-merce-230g\/"},"modified":"2026-04-08T04:25:12","modified_gmt":"2026-04-08T01:25:12","slug":"lasa-gab-tomatu-merce-230g","status":"publish","type":"product","link":"https:\/\/ventspils.citro.lv\/ru\/veikals\/lasa-gab-tomatu-merce-230g\/","title":{"rendered":"La\u0161a gab.tom\u0101tu m\u0113rc\u0113 230g"},"content":{"rendered":"","protected":false},"excerpt":{"rendered":"<p>7.17 \u20ac\/kg<\/p>\n","protected":false},"featured_media":1240886,"template":"","meta":{"_acf_changed":false,"inline_featured_image":false},"product_cat":[540,135],"product_tag":[],"acf":[],"aioseo_notices":[],"_links":{"self":[{"href":"https:\/\/ventspils.citro.lv\/ru\/wp-json\/wp\/v2\/product\/33002"}],"collection":[{"href":"https:\/\/ventspils.citro.lv\/ru\/wp-json\/wp\/v2\/product"}],"about":[{"href":"https:\/\/ventspils.citro.lv\/ru\/wp-json\/wp\/v2\/types\/product"}],"wp:featuredmedia":[{"embeddable":true,"href":"https:\/\/ventspils.citro.lv\/ru\/wp-json\/wp\/v2\/media\/1240886"}],"wp:attachment":[{"href":"https:\/\/ventspils.citro.lv\/ru\/wp-json\/wp\/v2\/media?parent=33002"}],"wp:term":[{"taxonomy":"product_cat","embeddable":true,"href":"https:\/\/ventspils.citro.lv\/ru\/wp-json\/wp\/v2\/product_cat?post=33002"},{"taxonomy":"product_tag","embeddable":true,"href":"https:\/\/ventspils.citro.lv\/ru\/wp-json\/wp\/v2\/product_tag?post=33002"}],"curies":[{"name":"wp","href":"https:\/\/api.w.org\/{rel}","templated":true}]}}