{"id":32997,"date":"2026-04-30T02:21:40","date_gmt":"2026-04-29T23:21:40","guid":{"rendered":"https:\/\/ventspils.citro.lv\/veikals\/paninas-raudz-ar-zav-plumem-un-kviesiem-annele-500g\/"},"modified":"2026-04-30T02:21:44","modified_gmt":"2026-04-29T23:21:44","slug":"paninas-raudz-ar-zav-plumem-un-cia-seklam-0-4-annele-500g","status":"publish","type":"product","link":"https:\/\/ventspils.citro.lv\/ru\/veikals\/paninas-raudz-ar-zav-plumem-un-cia-seklam-0-4-annele-500g\/","title":{"rendered":"Pani\u0146as raudz.ar \u017e\u0101v.pl\u016bmem un \u010cia s\u0113kl\u0101m 0.4% Annele 500g"},"content":{"rendered":"","protected":false},"excerpt":{"rendered":"<p>1.58 \u20ac\/gb<\/p>\n","protected":false},"featured_media":1255072,"template":"","meta":{"_acf_changed":false,"inline_featured_image":false},"product_cat":[95,149],"product_tag":[],"acf":[],"aioseo_notices":[],"_links":{"self":[{"href":"https:\/\/ventspils.citro.lv\/ru\/wp-json\/wp\/v2\/product\/32997"}],"collection":[{"href":"https:\/\/ventspils.citro.lv\/ru\/wp-json\/wp\/v2\/product"}],"about":[{"href":"https:\/\/ventspils.citro.lv\/ru\/wp-json\/wp\/v2\/types\/product"}],"wp:featuredmedia":[{"embeddable":true,"href":"https:\/\/ventspils.citro.lv\/ru\/wp-json\/wp\/v2\/media\/1255072"}],"wp:attachment":[{"href":"https:\/\/ventspils.citro.lv\/ru\/wp-json\/wp\/v2\/media?parent=32997"}],"wp:term":[{"taxonomy":"product_cat","embeddable":true,"href":"https:\/\/ventspils.citro.lv\/ru\/wp-json\/wp\/v2\/product_cat?post=32997"},{"taxonomy":"product_tag","embeddable":true,"href":"https:\/\/ventspils.citro.lv\/ru\/wp-json\/wp\/v2\/product_tag?post=32997"}],"curies":[{"name":"wp","href":"https:\/\/api.w.org\/{rel}","templated":true}]}}