{"id":32993,"date":"2026-04-08T04:18:39","date_gmt":"2026-04-08T01:18:39","guid":{"rendered":"https:\/\/ventspils.citro.lv\/veikals\/piena-salmini-ar-sokolades-garsu-30g\/"},"modified":"2026-04-08T04:18:49","modified_gmt":"2026-04-08T01:18:49","slug":"piena-salmini-ar-sokolades-garsu-30g","status":"publish","type":"product","link":"https:\/\/ventspils.citro.lv\/ru\/veikals\/piena-salmini-ar-sokolades-garsu-30g\/","title":{"rendered":"Piena salmi\u0146i ar \u0161okol\u0101des gar\u0161u 30g"},"content":{"rendered":"","protected":false},"excerpt":{"rendered":"<p>33.00 \u20ac\/kg<\/p>\n","protected":false},"featured_media":1240852,"template":"","meta":{"_acf_changed":false,"inline_featured_image":false},"product_cat":[95,210],"product_tag":[],"acf":[],"aioseo_notices":[],"_links":{"self":[{"href":"https:\/\/ventspils.citro.lv\/ru\/wp-json\/wp\/v2\/product\/32993"}],"collection":[{"href":"https:\/\/ventspils.citro.lv\/ru\/wp-json\/wp\/v2\/product"}],"about":[{"href":"https:\/\/ventspils.citro.lv\/ru\/wp-json\/wp\/v2\/types\/product"}],"wp:featuredmedia":[{"embeddable":true,"href":"https:\/\/ventspils.citro.lv\/ru\/wp-json\/wp\/v2\/media\/1240852"}],"wp:attachment":[{"href":"https:\/\/ventspils.citro.lv\/ru\/wp-json\/wp\/v2\/media?parent=32993"}],"wp:term":[{"taxonomy":"product_cat","embeddable":true,"href":"https:\/\/ventspils.citro.lv\/ru\/wp-json\/wp\/v2\/product_cat?post=32993"},{"taxonomy":"product_tag","embeddable":true,"href":"https:\/\/ventspils.citro.lv\/ru\/wp-json\/wp\/v2\/product_tag?post=32993"}],"curies":[{"name":"wp","href":"https:\/\/api.w.org\/{rel}","templated":true}]}}