{"id":32981,"date":"2026-04-09T03:15:38","date_gmt":"2026-04-09T00:15:38","guid":{"rendered":"https:\/\/ventspils.citro.lv\/veikals\/silkes-gabalini-marineti-500g-345g\/"},"modified":"2026-04-09T03:15:42","modified_gmt":"2026-04-09T00:15:42","slug":"silkes-gabalini-marineti-500g-345g","status":"publish","type":"product","link":"https:\/\/ventspils.citro.lv\/ru\/veikals\/silkes-gabalini-marineti-500g-345g\/","title":{"rendered":"Si\u013c\u0137es gabali\u0146i marin\u0113ti 500g\/345g"},"content":{"rendered":"","protected":false},"excerpt":{"rendered":"<p>11.57 \u20ac\/kg<\/p>\n","protected":false},"featured_media":1242003,"template":"","meta":{"_acf_changed":false,"inline_featured_image":false},"product_cat":[545,135],"product_tag":[],"acf":[],"aioseo_notices":[],"_links":{"self":[{"href":"https:\/\/ventspils.citro.lv\/ru\/wp-json\/wp\/v2\/product\/32981"}],"collection":[{"href":"https:\/\/ventspils.citro.lv\/ru\/wp-json\/wp\/v2\/product"}],"about":[{"href":"https:\/\/ventspils.citro.lv\/ru\/wp-json\/wp\/v2\/types\/product"}],"wp:featuredmedia":[{"embeddable":true,"href":"https:\/\/ventspils.citro.lv\/ru\/wp-json\/wp\/v2\/media\/1242003"}],"wp:attachment":[{"href":"https:\/\/ventspils.citro.lv\/ru\/wp-json\/wp\/v2\/media?parent=32981"}],"wp:term":[{"taxonomy":"product_cat","embeddable":true,"href":"https:\/\/ventspils.citro.lv\/ru\/wp-json\/wp\/v2\/product_cat?post=32981"},{"taxonomy":"product_tag","embeddable":true,"href":"https:\/\/ventspils.citro.lv\/ru\/wp-json\/wp\/v2\/product_tag?post=32981"}],"curies":[{"name":"wp","href":"https:\/\/api.w.org\/{rel}","templated":true}]}}