{"id":3297,"date":"2026-04-24T06:45:16","date_gmt":"2026-04-24T03:45:16","guid":{"rendered":"https:\/\/eveikals.citro.lv\/ventspils\/veikals\/biezpiena-sierins-jeppi-ar-vanilas-garsu-38g\/"},"modified":"2026-05-02T11:59:39","modified_gmt":"2026-05-02T08:59:39","slug":"biezpiena-sierins-jeppi-ar-vanilu-38g","status":"publish","type":"product","link":"https:\/\/ventspils.citro.lv\/ru\/veikals\/biezpiena-sierins-jeppi-ar-vanilu-38g\/","title":{"rendered":"Biezpiena sieri\u0146\u0161 JEPPI ar vani\u013cu 38g"},"content":{"rendered":"","protected":false},"excerpt":{"rendered":"<p>5.26 \u20ac\/kg<\/p>\n","protected":false},"featured_media":1252108,"template":"","meta":{"_acf_changed":false,"inline_featured_image":false},"product_cat":[95,188],"product_tag":[],"acf":[],"aioseo_notices":[],"_links":{"self":[{"href":"https:\/\/ventspils.citro.lv\/ru\/wp-json\/wp\/v2\/product\/3297"}],"collection":[{"href":"https:\/\/ventspils.citro.lv\/ru\/wp-json\/wp\/v2\/product"}],"about":[{"href":"https:\/\/ventspils.citro.lv\/ru\/wp-json\/wp\/v2\/types\/product"}],"wp:featuredmedia":[{"embeddable":true,"href":"https:\/\/ventspils.citro.lv\/ru\/wp-json\/wp\/v2\/media\/1252108"}],"wp:attachment":[{"href":"https:\/\/ventspils.citro.lv\/ru\/wp-json\/wp\/v2\/media?parent=3297"}],"wp:term":[{"taxonomy":"product_cat","embeddable":true,"href":"https:\/\/ventspils.citro.lv\/ru\/wp-json\/wp\/v2\/product_cat?post=3297"},{"taxonomy":"product_tag","embeddable":true,"href":"https:\/\/ventspils.citro.lv\/ru\/wp-json\/wp\/v2\/product_tag?post=3297"}],"curies":[{"name":"wp","href":"https:\/\/api.w.org\/{rel}","templated":true}]}}