{"id":32940,"date":"2024-07-22T00:39:22","date_gmt":"2024-07-21T21:39:22","guid":{"rendered":"https:\/\/ventspils.citro.lv\/veikals\/saldskaba-maize-svetku-pusite-griezta-250g\/"},"modified":"2026-02-19T09:49:44","modified_gmt":"2026-02-19T07:49:44","slug":"maize-svetku-pusite-saldskaba-griezta-250g","status":"publish","type":"product","link":"https:\/\/ventspils.citro.lv\/ru\/veikals\/maize-svetku-pusite-saldskaba-griezta-250g\/","title":{"rendered":"Maize Sv\u0113tku pus\u012bte saldsk\u0101b\u0101, griezta 250g"},"content":{"rendered":"","protected":false},"excerpt":{"rendered":"<p>3.00 \u20ac\/kg<\/p>\n","protected":false},"featured_media":870860,"template":"","meta":{"_acf_changed":false,"inline_featured_image":false},"product_cat":[541,215],"product_tag":[],"acf":[],"aioseo_notices":[],"_links":{"self":[{"href":"https:\/\/ventspils.citro.lv\/ru\/wp-json\/wp\/v2\/product\/32940"}],"collection":[{"href":"https:\/\/ventspils.citro.lv\/ru\/wp-json\/wp\/v2\/product"}],"about":[{"href":"https:\/\/ventspils.citro.lv\/ru\/wp-json\/wp\/v2\/types\/product"}],"wp:featuredmedia":[{"embeddable":true,"href":"https:\/\/ventspils.citro.lv\/ru\/wp-json\/wp\/v2\/media\/870860"}],"wp:attachment":[{"href":"https:\/\/ventspils.citro.lv\/ru\/wp-json\/wp\/v2\/media?parent=32940"}],"wp:term":[{"taxonomy":"product_cat","embeddable":true,"href":"https:\/\/ventspils.citro.lv\/ru\/wp-json\/wp\/v2\/product_cat?post=32940"},{"taxonomy":"product_tag","embeddable":true,"href":"https:\/\/ventspils.citro.lv\/ru\/wp-json\/wp\/v2\/product_tag?post=32940"}],"curies":[{"name":"wp","href":"https:\/\/api.w.org\/{rel}","templated":true}]}}