{"id":32924,"date":"2026-04-04T01:06:03","date_gmt":"2026-04-03T22:06:03","guid":{"rendered":"https:\/\/ventspils.citro.lv\/veikals\/silku-fileja-ungaru-gaume-220g\/"},"modified":"2026-04-04T01:06:18","modified_gmt":"2026-04-03T22:06:18","slug":"silku-fileja-ungaru-gaume-220g","status":"publish","type":"product","link":"https:\/\/ventspils.citro.lv\/ru\/veikals\/silku-fileja-ungaru-gaume-220g\/","title":{"rendered":"Si\u013c\u0137u fileja Ung\u0101ru gaum\u0113 220g"},"content":{"rendered":"","protected":false},"excerpt":{"rendered":"<p>10.68 \u20ac\/kg<\/p>\n","protected":false},"featured_media":1239611,"template":"","meta":{"_acf_changed":false,"inline_featured_image":false},"product_cat":[545,135],"product_tag":[],"acf":[],"aioseo_notices":[],"_links":{"self":[{"href":"https:\/\/ventspils.citro.lv\/ru\/wp-json\/wp\/v2\/product\/32924"}],"collection":[{"href":"https:\/\/ventspils.citro.lv\/ru\/wp-json\/wp\/v2\/product"}],"about":[{"href":"https:\/\/ventspils.citro.lv\/ru\/wp-json\/wp\/v2\/types\/product"}],"wp:featuredmedia":[{"embeddable":true,"href":"https:\/\/ventspils.citro.lv\/ru\/wp-json\/wp\/v2\/media\/1239611"}],"wp:attachment":[{"href":"https:\/\/ventspils.citro.lv\/ru\/wp-json\/wp\/v2\/media?parent=32924"}],"wp:term":[{"taxonomy":"product_cat","embeddable":true,"href":"https:\/\/ventspils.citro.lv\/ru\/wp-json\/wp\/v2\/product_cat?post=32924"},{"taxonomy":"product_tag","embeddable":true,"href":"https:\/\/ventspils.citro.lv\/ru\/wp-json\/wp\/v2\/product_tag?post=32924"}],"curies":[{"name":"wp","href":"https:\/\/api.w.org\/{rel}","templated":true}]}}