{"id":32899,"date":"2026-04-24T05:48:03","date_gmt":"2026-04-24T02:48:03","guid":{"rendered":"https:\/\/ventspils.citro.lv\/veikals\/paninas-raudz-ar-avenem-un-linseklam-annele-500g\/"},"modified":"2026-04-24T05:48:08","modified_gmt":"2026-04-24T02:48:08","slug":"paninas-raudz-ar-avenem-un-linseklam-annele-500g","status":"publish","type":"product","link":"https:\/\/ventspils.citro.lv\/ru\/veikals\/paninas-raudz-ar-avenem-un-linseklam-annele-500g\/","title":{"rendered":"Pani\u0146as raudz.ar aven\u0113m un lins\u0113kl\u0101m Annele 500g"},"content":{"rendered":"","protected":false},"excerpt":{"rendered":"<p>1.58 \u20ac\/kg<\/p>\n","protected":false},"featured_media":1251849,"template":"","meta":{"_acf_changed":false,"inline_featured_image":false},"product_cat":[95,149],"product_tag":[],"acf":[],"aioseo_notices":[],"_links":{"self":[{"href":"https:\/\/ventspils.citro.lv\/ru\/wp-json\/wp\/v2\/product\/32899"}],"collection":[{"href":"https:\/\/ventspils.citro.lv\/ru\/wp-json\/wp\/v2\/product"}],"about":[{"href":"https:\/\/ventspils.citro.lv\/ru\/wp-json\/wp\/v2\/types\/product"}],"wp:featuredmedia":[{"embeddable":true,"href":"https:\/\/ventspils.citro.lv\/ru\/wp-json\/wp\/v2\/media\/1251849"}],"wp:attachment":[{"href":"https:\/\/ventspils.citro.lv\/ru\/wp-json\/wp\/v2\/media?parent=32899"}],"wp:term":[{"taxonomy":"product_cat","embeddable":true,"href":"https:\/\/ventspils.citro.lv\/ru\/wp-json\/wp\/v2\/product_cat?post=32899"},{"taxonomy":"product_tag","embeddable":true,"href":"https:\/\/ventspils.citro.lv\/ru\/wp-json\/wp\/v2\/product_tag?post=32899"}],"curies":[{"name":"wp","href":"https:\/\/api.w.org\/{rel}","templated":true}]}}