{"id":32889,"date":"2026-04-10T04:52:47","date_gmt":"2026-04-10T01:52:47","guid":{"rendered":"https:\/\/ventspils.citro.lv\/veikals\/piena-dzeriens-piena-speks-zemenu-olbaltumvielu-460ml\/"},"modified":"2026-04-10T04:52:59","modified_gmt":"2026-04-10T01:52:59","slug":"piena-dzeriens-piena-speks-zemenu-olbaltumvielu-460ml","status":"publish","type":"product","link":"https:\/\/ventspils.citro.lv\/ru\/veikals\/piena-dzeriens-piena-speks-zemenu-olbaltumvielu-460ml\/","title":{"rendered":"Piena dz\u0113riens Piena Sp\u0113ks zeme\u0146u olbaltumvielu 460ml"},"content":{"rendered":"","protected":false},"excerpt":{"rendered":"<p>3.59 \u20ac\/l<\/p>\n","protected":false},"featured_media":1242953,"template":"","meta":{"_acf_changed":false,"inline_featured_image":false},"product_cat":[95,100],"product_tag":[],"acf":[],"aioseo_notices":[],"_links":{"self":[{"href":"https:\/\/ventspils.citro.lv\/ru\/wp-json\/wp\/v2\/product\/32889"}],"collection":[{"href":"https:\/\/ventspils.citro.lv\/ru\/wp-json\/wp\/v2\/product"}],"about":[{"href":"https:\/\/ventspils.citro.lv\/ru\/wp-json\/wp\/v2\/types\/product"}],"wp:featuredmedia":[{"embeddable":true,"href":"https:\/\/ventspils.citro.lv\/ru\/wp-json\/wp\/v2\/media\/1242953"}],"wp:attachment":[{"href":"https:\/\/ventspils.citro.lv\/ru\/wp-json\/wp\/v2\/media?parent=32889"}],"wp:term":[{"taxonomy":"product_cat","embeddable":true,"href":"https:\/\/ventspils.citro.lv\/ru\/wp-json\/wp\/v2\/product_cat?post=32889"},{"taxonomy":"product_tag","embeddable":true,"href":"https:\/\/ventspils.citro.lv\/ru\/wp-json\/wp\/v2\/product_tag?post=32889"}],"curies":[{"name":"wp","href":"https:\/\/api.w.org\/{rel}","templated":true}]}}