{"id":32888,"date":"2026-02-19T02:33:25","date_gmt":"2026-02-19T00:33:25","guid":{"rendered":"https:\/\/ventspils.citro.lv\/veikals\/silkes-fileja-cepta-tomatu-merce-300g\/"},"modified":"2026-04-14T21:15:35","modified_gmt":"2026-04-14T18:15:35","slug":"silkes-fileja-cepta-tomatu-merce-300g","status":"publish","type":"product","link":"https:\/\/ventspils.citro.lv\/ru\/veikals\/silkes-fileja-cepta-tomatu-merce-300g\/","title":{"rendered":"Si\u013c\u0137es fileja cepta tom\u0101tu m\u0113rc\u0113 300g"},"content":{"rendered":"","protected":false},"excerpt":{"rendered":"<p>7.97 \u20ac\/kg<\/p>\n","protected":false},"featured_media":1211326,"template":"","meta":{"_acf_changed":false,"inline_featured_image":false},"product_cat":[545,135],"product_tag":[],"acf":[],"aioseo_notices":[],"_links":{"self":[{"href":"https:\/\/ventspils.citro.lv\/ru\/wp-json\/wp\/v2\/product\/32888"}],"collection":[{"href":"https:\/\/ventspils.citro.lv\/ru\/wp-json\/wp\/v2\/product"}],"about":[{"href":"https:\/\/ventspils.citro.lv\/ru\/wp-json\/wp\/v2\/types\/product"}],"wp:featuredmedia":[{"embeddable":true,"href":"https:\/\/ventspils.citro.lv\/ru\/wp-json\/wp\/v2\/media\/1211326"}],"wp:attachment":[{"href":"https:\/\/ventspils.citro.lv\/ru\/wp-json\/wp\/v2\/media?parent=32888"}],"wp:term":[{"taxonomy":"product_cat","embeddable":true,"href":"https:\/\/ventspils.citro.lv\/ru\/wp-json\/wp\/v2\/product_cat?post=32888"},{"taxonomy":"product_tag","embeddable":true,"href":"https:\/\/ventspils.citro.lv\/ru\/wp-json\/wp\/v2\/product_tag?post=32888"}],"curies":[{"name":"wp","href":"https:\/\/api.w.org\/{rel}","templated":true}]}}