{"id":32858,"date":"2026-04-07T01:00:03","date_gmt":"2026-04-06T22:00:03","guid":{"rendered":"https:\/\/ventspils.citro.lv\/veikals\/rupjmaize-ista-lacu-400g-lielas-skeles\/"},"modified":"2026-04-07T01:00:21","modified_gmt":"2026-04-06T22:00:21","slug":"rupjmaize-ista-lacu-400g-lielas-skeles","status":"publish","type":"product","link":"https:\/\/ventspils.citro.lv\/ru\/veikals\/rupjmaize-ista-lacu-400g-lielas-skeles\/","title":{"rendered":"Rupjmaize \u012ast\u0101 L\u0101\u010du 400g (liel\u0101s \u0161\u0137\u0113les)"},"content":{"rendered":"","protected":false},"excerpt":{"rendered":"<p>4.73 \u20ac\/kg<\/p>\n","protected":false},"featured_media":1240013,"template":"","meta":{"_acf_changed":false,"inline_featured_image":false},"product_cat":[541,215],"product_tag":[],"acf":[],"aioseo_notices":[],"_links":{"self":[{"href":"https:\/\/ventspils.citro.lv\/ru\/wp-json\/wp\/v2\/product\/32858"}],"collection":[{"href":"https:\/\/ventspils.citro.lv\/ru\/wp-json\/wp\/v2\/product"}],"about":[{"href":"https:\/\/ventspils.citro.lv\/ru\/wp-json\/wp\/v2\/types\/product"}],"wp:featuredmedia":[{"embeddable":true,"href":"https:\/\/ventspils.citro.lv\/ru\/wp-json\/wp\/v2\/media\/1240013"}],"wp:attachment":[{"href":"https:\/\/ventspils.citro.lv\/ru\/wp-json\/wp\/v2\/media?parent=32858"}],"wp:term":[{"taxonomy":"product_cat","embeddable":true,"href":"https:\/\/ventspils.citro.lv\/ru\/wp-json\/wp\/v2\/product_cat?post=32858"},{"taxonomy":"product_tag","embeddable":true,"href":"https:\/\/ventspils.citro.lv\/ru\/wp-json\/wp\/v2\/product_tag?post=32858"}],"curies":[{"name":"wp","href":"https:\/\/api.w.org\/{rel}","templated":true}]}}