{"id":32856,"date":"2025-11-22T03:39:47","date_gmt":"2025-11-22T01:39:47","guid":{"rendered":"https:\/\/ventspils.citro.lv\/veikals\/kalmars-vitinats-beer-club-classic-46g\/"},"modified":"2026-02-11T11:05:01","modified_gmt":"2026-02-11T09:05:01","slug":"kalmars-vitinats-beer-club-classic-46g","status":"publish","type":"product","link":"https:\/\/ventspils.citro.lv\/ru\/veikals\/kalmars-vitinats-beer-club-classic-46g\/","title":{"rendered":"Kalm\u0101rs v\u012btin\u0101ts Beer Club Classic 46g"},"content":{"rendered":"","protected":false},"excerpt":{"rendered":"<p>45.43 \u20ac\/kg<\/p>\n","protected":false},"featured_media":1163520,"template":"","meta":{"_acf_changed":false,"inline_featured_image":false},"product_cat":[550,135],"product_tag":[],"acf":[],"aioseo_notices":[],"_links":{"self":[{"href":"https:\/\/ventspils.citro.lv\/ru\/wp-json\/wp\/v2\/product\/32856"}],"collection":[{"href":"https:\/\/ventspils.citro.lv\/ru\/wp-json\/wp\/v2\/product"}],"about":[{"href":"https:\/\/ventspils.citro.lv\/ru\/wp-json\/wp\/v2\/types\/product"}],"wp:featuredmedia":[{"embeddable":true,"href":"https:\/\/ventspils.citro.lv\/ru\/wp-json\/wp\/v2\/media\/1163520"}],"wp:attachment":[{"href":"https:\/\/ventspils.citro.lv\/ru\/wp-json\/wp\/v2\/media?parent=32856"}],"wp:term":[{"taxonomy":"product_cat","embeddable":true,"href":"https:\/\/ventspils.citro.lv\/ru\/wp-json\/wp\/v2\/product_cat?post=32856"},{"taxonomy":"product_tag","embeddable":true,"href":"https:\/\/ventspils.citro.lv\/ru\/wp-json\/wp\/v2\/product_tag?post=32856"}],"curies":[{"name":"wp","href":"https:\/\/api.w.org\/{rel}","templated":true}]}}