{"id":32832,"date":"2026-05-12T03:45:26","date_gmt":"2026-05-12T00:45:26","guid":{"rendered":"https:\/\/ventspils.citro.lv\/veikals\/kilavas-rigas-garsvielu-maisijuma-240g-180-kaija\/"},"modified":"2026-05-12T03:45:36","modified_gmt":"2026-05-12T00:45:36","slug":"kilavas-rigas-garsvielu-maisijuma-240g-180-kaija","status":"publish","type":"product","link":"https:\/\/ventspils.citro.lv\/ru\/veikals\/kilavas-rigas-garsvielu-maisijuma-240g-180-kaija\/","title":{"rendered":"\u0136ilavas R\u012bgas gar\u0161vielu mais\u012bjum\u0101 240g\/180 Kaija"},"content":{"rendered":"","protected":false},"excerpt":{"rendered":"<p>9.94 \u20ac\/kg<\/p>\n","protected":false},"featured_media":1258659,"template":"","meta":{"_acf_changed":false,"inline_featured_image":false},"product_cat":[540,135],"product_tag":[],"acf":[],"aioseo_notices":[],"_links":{"self":[{"href":"https:\/\/ventspils.citro.lv\/ru\/wp-json\/wp\/v2\/product\/32832"}],"collection":[{"href":"https:\/\/ventspils.citro.lv\/ru\/wp-json\/wp\/v2\/product"}],"about":[{"href":"https:\/\/ventspils.citro.lv\/ru\/wp-json\/wp\/v2\/types\/product"}],"wp:featuredmedia":[{"embeddable":true,"href":"https:\/\/ventspils.citro.lv\/ru\/wp-json\/wp\/v2\/media\/1258659"}],"wp:attachment":[{"href":"https:\/\/ventspils.citro.lv\/ru\/wp-json\/wp\/v2\/media?parent=32832"}],"wp:term":[{"taxonomy":"product_cat","embeddable":true,"href":"https:\/\/ventspils.citro.lv\/ru\/wp-json\/wp\/v2\/product_cat?post=32832"},{"taxonomy":"product_tag","embeddable":true,"href":"https:\/\/ventspils.citro.lv\/ru\/wp-json\/wp\/v2\/product_tag?post=32832"}],"curies":[{"name":"wp","href":"https:\/\/api.w.org\/{rel}","templated":true}]}}