{"id":32827,"date":"2026-04-08T02:33:36","date_gmt":"2026-04-07T23:33:36","guid":{"rendered":"https:\/\/ventspils.citro.lv\/veikals\/garneles-salijuma-vici-200g-100g\/"},"modified":"2026-04-08T02:33:46","modified_gmt":"2026-04-07T23:33:46","slug":"garneles-salijuma-vici-200g-100g","status":"publish","type":"product","link":"https:\/\/ventspils.citro.lv\/ru\/veikals\/garneles-salijuma-vici-200g-100g\/","title":{"rendered":"Garneles s\u0101l\u012bjum\u0101 Vi\u010di 200g\/100g"},"content":{"rendered":"","protected":false},"excerpt":{"rendered":"<p>33.90 \u20ac\/kg<\/p>\n","protected":false},"featured_media":1240338,"template":"","meta":{"_acf_changed":false,"inline_featured_image":false},"product_cat":[545,135],"product_tag":[],"acf":[],"aioseo_notices":[],"_links":{"self":[{"href":"https:\/\/ventspils.citro.lv\/ru\/wp-json\/wp\/v2\/product\/32827"}],"collection":[{"href":"https:\/\/ventspils.citro.lv\/ru\/wp-json\/wp\/v2\/product"}],"about":[{"href":"https:\/\/ventspils.citro.lv\/ru\/wp-json\/wp\/v2\/types\/product"}],"wp:featuredmedia":[{"embeddable":true,"href":"https:\/\/ventspils.citro.lv\/ru\/wp-json\/wp\/v2\/media\/1240338"}],"wp:attachment":[{"href":"https:\/\/ventspils.citro.lv\/ru\/wp-json\/wp\/v2\/media?parent=32827"}],"wp:term":[{"taxonomy":"product_cat","embeddable":true,"href":"https:\/\/ventspils.citro.lv\/ru\/wp-json\/wp\/v2\/product_cat?post=32827"},{"taxonomy":"product_tag","embeddable":true,"href":"https:\/\/ventspils.citro.lv\/ru\/wp-json\/wp\/v2\/product_tag?post=32827"}],"curies":[{"name":"wp","href":"https:\/\/api.w.org\/{rel}","templated":true}]}}