{"id":32790,"date":"2026-04-22T03:01:08","date_gmt":"2026-04-22T00:01:08","guid":{"rendered":"https:\/\/ventspils.citro.lv\/veikals\/sokolades-batonins-kinder-milk-slice-28g\/"},"modified":"2026-04-22T03:01:20","modified_gmt":"2026-04-22T00:01:20","slug":"sokolades-batonins-kinder-milk-slice-28g","status":"publish","type":"product","link":"https:\/\/ventspils.citro.lv\/ru\/veikals\/sokolades-batonins-kinder-milk-slice-28g\/","title":{"rendered":"\u0160okol\u0101des batoni\u0146\u0161 Kinder milk slice 28g"},"content":{"rendered":"","protected":false},"excerpt":{"rendered":"<p>20.36 \u20ac\/kg<\/p>\n","protected":false},"featured_media":1247717,"template":"","meta":{"_acf_changed":false,"inline_featured_image":false},"product_cat":[95,188],"product_tag":[],"acf":[],"aioseo_notices":[],"_links":{"self":[{"href":"https:\/\/ventspils.citro.lv\/ru\/wp-json\/wp\/v2\/product\/32790"}],"collection":[{"href":"https:\/\/ventspils.citro.lv\/ru\/wp-json\/wp\/v2\/product"}],"about":[{"href":"https:\/\/ventspils.citro.lv\/ru\/wp-json\/wp\/v2\/types\/product"}],"wp:featuredmedia":[{"embeddable":true,"href":"https:\/\/ventspils.citro.lv\/ru\/wp-json\/wp\/v2\/media\/1247717"}],"wp:attachment":[{"href":"https:\/\/ventspils.citro.lv\/ru\/wp-json\/wp\/v2\/media?parent=32790"}],"wp:term":[{"taxonomy":"product_cat","embeddable":true,"href":"https:\/\/ventspils.citro.lv\/ru\/wp-json\/wp\/v2\/product_cat?post=32790"},{"taxonomy":"product_tag","embeddable":true,"href":"https:\/\/ventspils.citro.lv\/ru\/wp-json\/wp\/v2\/product_tag?post=32790"}],"curies":[{"name":"wp","href":"https:\/\/api.w.org\/{rel}","templated":true}]}}