{"id":32710,"date":"2026-04-11T01:24:03","date_gmt":"2026-04-10T22:24:03","guid":{"rendered":"https:\/\/ventspils.citro.lv\/veikals\/konservs-sauteta-titaru-gala-klassik-525g\/"},"modified":"2026-04-14T11:04:27","modified_gmt":"2026-04-14T08:04:27","slug":"konservs-sauteta-titaru-gala-klassik-525g","status":"publish","type":"product","link":"https:\/\/ventspils.citro.lv\/ru\/veikals\/konservs-sauteta-titaru-gala-klassik-525g\/","title":{"rendered":"Konservs Saut\u0113ta t\u012btaru ga\u013ca klassik 525g"},"content":{"rendered":"","protected":false},"excerpt":{"rendered":"<p>6.46 \u20ac\/kg<\/p>\n","protected":false},"featured_media":1244560,"template":"","meta":{"_acf_changed":false,"inline_featured_image":false},"product_cat":[135,174],"product_tag":[],"acf":[],"aioseo_notices":[],"_links":{"self":[{"href":"https:\/\/ventspils.citro.lv\/ru\/wp-json\/wp\/v2\/product\/32710"}],"collection":[{"href":"https:\/\/ventspils.citro.lv\/ru\/wp-json\/wp\/v2\/product"}],"about":[{"href":"https:\/\/ventspils.citro.lv\/ru\/wp-json\/wp\/v2\/types\/product"}],"wp:featuredmedia":[{"embeddable":true,"href":"https:\/\/ventspils.citro.lv\/ru\/wp-json\/wp\/v2\/media\/1244560"}],"wp:attachment":[{"href":"https:\/\/ventspils.citro.lv\/ru\/wp-json\/wp\/v2\/media?parent=32710"}],"wp:term":[{"taxonomy":"product_cat","embeddable":true,"href":"https:\/\/ventspils.citro.lv\/ru\/wp-json\/wp\/v2\/product_cat?post=32710"},{"taxonomy":"product_tag","embeddable":true,"href":"https:\/\/ventspils.citro.lv\/ru\/wp-json\/wp\/v2\/product_tag?post=32710"}],"curies":[{"name":"wp","href":"https:\/\/api.w.org\/{rel}","templated":true}]}}