{"id":32702,"date":"2026-04-16T02:34:00","date_gmt":"2026-04-15T23:34:00","guid":{"rendered":"https:\/\/ventspils.citro.lv\/veikals\/bekons-kupinats-skelites-nakotne-100g\/"},"modified":"2026-04-17T11:43:08","modified_gmt":"2026-04-17T08:43:08","slug":"bekons-kupinats-skelites-nakotne-100g","status":"publish","type":"product","link":"https:\/\/ventspils.citro.lv\/ru\/veikals\/bekons-kupinats-skelites-nakotne-100g\/","title":{"rendered":"Bekons k\u016bpin\u0101ts \u0161\u0137\u0113l\u012bt\u0113s N\u0101kotne 100g"},"content":{"rendered":"","protected":false},"excerpt":{"rendered":"<p>15.50 \u20ac\/kg<\/p>\n","protected":false},"featured_media":1246397,"template":"","meta":{"_acf_changed":false,"inline_featured_image":false},"product_cat":[135,174],"product_tag":[],"acf":[],"aioseo_notices":[],"_links":{"self":[{"href":"https:\/\/ventspils.citro.lv\/ru\/wp-json\/wp\/v2\/product\/32702"}],"collection":[{"href":"https:\/\/ventspils.citro.lv\/ru\/wp-json\/wp\/v2\/product"}],"about":[{"href":"https:\/\/ventspils.citro.lv\/ru\/wp-json\/wp\/v2\/types\/product"}],"wp:featuredmedia":[{"embeddable":true,"href":"https:\/\/ventspils.citro.lv\/ru\/wp-json\/wp\/v2\/media\/1246397"}],"wp:attachment":[{"href":"https:\/\/ventspils.citro.lv\/ru\/wp-json\/wp\/v2\/media?parent=32702"}],"wp:term":[{"taxonomy":"product_cat","embeddable":true,"href":"https:\/\/ventspils.citro.lv\/ru\/wp-json\/wp\/v2\/product_cat?post=32702"},{"taxonomy":"product_tag","embeddable":true,"href":"https:\/\/ventspils.citro.lv\/ru\/wp-json\/wp\/v2\/product_tag?post=32702"}],"curies":[{"name":"wp","href":"https:\/\/api.w.org\/{rel}","templated":true}]}}