{"id":32696,"date":"2026-04-28T03:09:29","date_gmt":"2026-04-28T00:09:29","guid":{"rendered":"https:\/\/ventspils.citro.lv\/veikals\/doktordesa-varita-viegli-kupinata-550g\/"},"modified":"2026-04-28T03:09:40","modified_gmt":"2026-04-28T00:09:40","slug":"doktordesa-varita-viegli-kupinata-550g","status":"publish","type":"product","link":"https:\/\/ventspils.citro.lv\/ru\/veikals\/doktordesa-varita-viegli-kupinata-550g\/","title":{"rendered":"Doktordesa v\u0101r\u012bta, viegli k\u016bpin\u0101ta 550g"},"content":{"rendered":"","protected":false},"excerpt":{"rendered":"<p>7.07 \u20ac\/kg<\/p>\n","protected":false},"featured_media":1254252,"template":"","meta":{"_acf_changed":false,"inline_featured_image":false},"product_cat":[135,144],"product_tag":[],"acf":[],"aioseo_notices":[],"_links":{"self":[{"href":"https:\/\/ventspils.citro.lv\/ru\/wp-json\/wp\/v2\/product\/32696"}],"collection":[{"href":"https:\/\/ventspils.citro.lv\/ru\/wp-json\/wp\/v2\/product"}],"about":[{"href":"https:\/\/ventspils.citro.lv\/ru\/wp-json\/wp\/v2\/types\/product"}],"wp:featuredmedia":[{"embeddable":true,"href":"https:\/\/ventspils.citro.lv\/ru\/wp-json\/wp\/v2\/media\/1254252"}],"wp:attachment":[{"href":"https:\/\/ventspils.citro.lv\/ru\/wp-json\/wp\/v2\/media?parent=32696"}],"wp:term":[{"taxonomy":"product_cat","embeddable":true,"href":"https:\/\/ventspils.citro.lv\/ru\/wp-json\/wp\/v2\/product_cat?post=32696"},{"taxonomy":"product_tag","embeddable":true,"href":"https:\/\/ventspils.citro.lv\/ru\/wp-json\/wp\/v2\/product_tag?post=32696"}],"curies":[{"name":"wp","href":"https:\/\/api.w.org\/{rel}","templated":true}]}}