{"id":32681,"date":"2026-04-24T07:09:50","date_gmt":"2026-04-24T04:09:50","guid":{"rendered":"https:\/\/ventspils.citro.lv\/veikals\/cuku-ausis-karsti-kupinatas-170g\/"},"modified":"2026-04-24T07:09:55","modified_gmt":"2026-04-24T04:09:55","slug":"cuku-ausis-karsti-kupinatas-170g","status":"publish","type":"product","link":"https:\/\/ventspils.citro.lv\/ru\/veikals\/cuku-ausis-karsti-kupinatas-170g\/","title":{"rendered":"C\u016bku ausis Karsti k\u016bpin\u0101tas 170g"},"content":{"rendered":"","protected":false},"excerpt":{"rendered":"<p>17.00 \u20ac\/kg<\/p>\n","protected":false},"featured_media":1252220,"template":"","meta":{"_acf_changed":false,"inline_featured_image":false},"product_cat":[135,194],"product_tag":[],"acf":[],"aioseo_notices":[],"_links":{"self":[{"href":"https:\/\/ventspils.citro.lv\/ru\/wp-json\/wp\/v2\/product\/32681"}],"collection":[{"href":"https:\/\/ventspils.citro.lv\/ru\/wp-json\/wp\/v2\/product"}],"about":[{"href":"https:\/\/ventspils.citro.lv\/ru\/wp-json\/wp\/v2\/types\/product"}],"wp:featuredmedia":[{"embeddable":true,"href":"https:\/\/ventspils.citro.lv\/ru\/wp-json\/wp\/v2\/media\/1252220"}],"wp:attachment":[{"href":"https:\/\/ventspils.citro.lv\/ru\/wp-json\/wp\/v2\/media?parent=32681"}],"wp:term":[{"taxonomy":"product_cat","embeddable":true,"href":"https:\/\/ventspils.citro.lv\/ru\/wp-json\/wp\/v2\/product_cat?post=32681"},{"taxonomy":"product_tag","embeddable":true,"href":"https:\/\/ventspils.citro.lv\/ru\/wp-json\/wp\/v2\/product_tag?post=32681"}],"curies":[{"name":"wp","href":"https:\/\/api.w.org\/{rel}","templated":true}]}}