{"id":326724,"date":"2026-04-29T01:24:03","date_gmt":"2026-04-28T22:24:03","guid":{"rendered":"https:\/\/ventspils.citro.lv\/veikals\/perlu-grubu-linseklu-saule-kaltetu-tomatu-maisijums-4x90g\/"},"modified":"2026-04-29T01:24:21","modified_gmt":"2026-04-28T22:24:21","slug":"perlu-grubu-linseklu-saule-kaltetu-tomatu-maisijums-4x90g","status":"publish","type":"product","link":"https:\/\/ventspils.citro.lv\/ru\/veikals\/perlu-grubu-linseklu-saule-kaltetu-tomatu-maisijums-4x90g\/","title":{"rendered":"P\u0113r\u013cu gr\u016bbu, lins\u0113klu, saul\u0113 kalt\u0113tu tom\u0101tu mais\u012bjums 4X90g"},"content":{"rendered":"","protected":false},"excerpt":{"rendered":"<p>8.03 \u20ac\/kg<\/p>\n","protected":false},"featured_media":1254801,"template":"","meta":{"_acf_changed":false,"inline_featured_image":false},"product_cat":[118,121],"product_tag":[],"acf":[],"aioseo_notices":[],"_links":{"self":[{"href":"https:\/\/ventspils.citro.lv\/ru\/wp-json\/wp\/v2\/product\/326724"}],"collection":[{"href":"https:\/\/ventspils.citro.lv\/ru\/wp-json\/wp\/v2\/product"}],"about":[{"href":"https:\/\/ventspils.citro.lv\/ru\/wp-json\/wp\/v2\/types\/product"}],"wp:featuredmedia":[{"embeddable":true,"href":"https:\/\/ventspils.citro.lv\/ru\/wp-json\/wp\/v2\/media\/1254801"}],"wp:attachment":[{"href":"https:\/\/ventspils.citro.lv\/ru\/wp-json\/wp\/v2\/media?parent=326724"}],"wp:term":[{"taxonomy":"product_cat","embeddable":true,"href":"https:\/\/ventspils.citro.lv\/ru\/wp-json\/wp\/v2\/product_cat?post=326724"},{"taxonomy":"product_tag","embeddable":true,"href":"https:\/\/ventspils.citro.lv\/ru\/wp-json\/wp\/v2\/product_tag?post=326724"}],"curies":[{"name":"wp","href":"https:\/\/api.w.org\/{rel}","templated":true}]}}