{"id":326723,"date":"2026-04-10T07:51:57","date_gmt":"2026-04-10T04:51:57","guid":{"rendered":"https:\/\/ventspils.citro.lv\/veikals\/perlu-grubu-bulgura-zalo-lecu-maisijums-4x90g\/"},"modified":"2026-04-10T07:52:07","modified_gmt":"2026-04-10T04:52:07","slug":"perlu-grubu-bulgura-zalo-lecu-maisijums-4x90g","status":"publish","type":"product","link":"https:\/\/ventspils.citro.lv\/ru\/veikals\/perlu-grubu-bulgura-zalo-lecu-maisijums-4x90g\/","title":{"rendered":"P\u0113r\u013cu gr\u016bbu, bulgura, za\u013co l\u0113cu mais\u012bjums 4X90g"},"content":{"rendered":"","protected":false},"excerpt":{"rendered":"<p>8.03 \u20ac\/kg<\/p>\n","protected":false},"featured_media":1243753,"template":"","meta":{"_acf_changed":false,"inline_featured_image":false},"product_cat":[118,121],"product_tag":[],"acf":[],"aioseo_notices":[],"_links":{"self":[{"href":"https:\/\/ventspils.citro.lv\/ru\/wp-json\/wp\/v2\/product\/326723"}],"collection":[{"href":"https:\/\/ventspils.citro.lv\/ru\/wp-json\/wp\/v2\/product"}],"about":[{"href":"https:\/\/ventspils.citro.lv\/ru\/wp-json\/wp\/v2\/types\/product"}],"wp:featuredmedia":[{"embeddable":true,"href":"https:\/\/ventspils.citro.lv\/ru\/wp-json\/wp\/v2\/media\/1243753"}],"wp:attachment":[{"href":"https:\/\/ventspils.citro.lv\/ru\/wp-json\/wp\/v2\/media?parent=326723"}],"wp:term":[{"taxonomy":"product_cat","embeddable":true,"href":"https:\/\/ventspils.citro.lv\/ru\/wp-json\/wp\/v2\/product_cat?post=326723"},{"taxonomy":"product_tag","embeddable":true,"href":"https:\/\/ventspils.citro.lv\/ru\/wp-json\/wp\/v2\/product_tag?post=326723"}],"curies":[{"name":"wp","href":"https:\/\/api.w.org\/{rel}","templated":true}]}}