{"id":326456,"date":"2026-03-28T01:15:32","date_gmt":"2026-03-27T23:15:32","guid":{"rendered":"https:\/\/ventspils.citro.lv\/veikals\/pica-ar-desu-un-marinetiem-gurkiem-citro\/"},"modified":"2026-03-28T01:15:38","modified_gmt":"2026-03-27T23:15:38","slug":"pica-ar-desu-un-marinetiem-gurkiem-citro","status":"publish","type":"product","link":"https:\/\/ventspils.citro.lv\/ru\/veikals\/pica-ar-desu-un-marinetiem-gurkiem-citro\/","title":{"rendered":"Pica ar desu un marin\u0113tiem gur\u0137iem Citro"},"content":{"rendered":"<p>Sast\u0101vda\u013cas: m\u012bkla (KVIE\u0160U milti, \u016bdens, augu e\u013c\u013ca, cukurs, raugs pres\u0113tais, p\u0101rtikas s\u0101ls), desa v\u0101r\u012bt\u0101 24% (vistu meh\u0101niski atdal\u012bta ga\u013ca, \u016bdens, c\u016bku spe\u0137is, c\u016bku \u0101das, kartupe\u013cu ciete, s\u0101ls, konservants E250 , SOJAS olbaltumvielas, stabiliz\u0113t\u0101ji E412, E407,E425, E451,kr\u0101sviela E120, gar\u0161as pastiprin\u0101t\u0101js E621, antioksidants E300, aromatiz\u0113t\u0101ji),  ke\u010dups (dzeramais \u016bdens, tom\u0101tu pasta (18%), modificeta kartupe\u013cu ciete,  sk\u0101buma regul\u0113tajs, konservanti: E211, 8202, stabiliz\u0113t\u0101js: 8412, tom\u0101tu aromatiz\u0113tajs, saldin\u0101tajs: sahar\u012bns, antioksidants : askorb\u012bnsk\u0101be), siera izstr\u0101d\u0101jums (pasteriz\u0113ts PIENS, augu tauki (palmu)24%, konservants E252, siera ieraugs, renins, p\u0101rtikas kr\u0101sviela-beta karot\u012bns) , gur\u0137i marin\u0113ti 7% (v\u012bna eti\u0137is, s\u0101ls, gar\u0161vielas (dilles, s\u012bpoli, SINEPJU s\u0113klas, piparu graudi\u0146i), konservants: E211, dab\u012bgs aromatiz\u0113t\u0101js, saldin\u0101t\u0101js: E954) , OLA. 100 g produkta satur:  ener\u0123\u0113tisk\u0101 v\u0113rt\u012bba 1120 KJ\/ 266 kcal,  tauki 13 g, tostarp pies\u0101tin\u0101t\u0101s tauksk\u0101bes 5,4 g, og\u013chidr\u0101ti 26 g , tostarp cukurs 5 g \u0161\u0137iedrvielas 1,3 g, olbaltumvielas 10,8 g, s\u0101ls 1,5 g.Uzglab\u0101t istabas temperat\u016br\u0101.  Ra\u017eot\u0101js: SIA Di\u0101na Bistro, Andreja iela 5, Ventspils<\/p>\n","protected":false},"excerpt":{"rendered":"<p>5.82 \u20ac\/kg<\/p>\n","protected":false},"featured_media":1237174,"template":"","meta":{"_acf_changed":false,"inline_featured_image":false},"product_cat":[109,110],"product_tag":[],"acf":[],"aioseo_notices":[],"_links":{"self":[{"href":"https:\/\/ventspils.citro.lv\/ru\/wp-json\/wp\/v2\/product\/326456"}],"collection":[{"href":"https:\/\/ventspils.citro.lv\/ru\/wp-json\/wp\/v2\/product"}],"about":[{"href":"https:\/\/ventspils.citro.lv\/ru\/wp-json\/wp\/v2\/types\/product"}],"wp:featuredmedia":[{"embeddable":true,"href":"https:\/\/ventspils.citro.lv\/ru\/wp-json\/wp\/v2\/media\/1237174"}],"wp:attachment":[{"href":"https:\/\/ventspils.citro.lv\/ru\/wp-json\/wp\/v2\/media?parent=326456"}],"wp:term":[{"taxonomy":"product_cat","embeddable":true,"href":"https:\/\/ventspils.citro.lv\/ru\/wp-json\/wp\/v2\/product_cat?post=326456"},{"taxonomy":"product_tag","embeddable":true,"href":"https:\/\/ventspils.citro.lv\/ru\/wp-json\/wp\/v2\/product_tag?post=326456"}],"curies":[{"name":"wp","href":"https:\/\/api.w.org\/{rel}","templated":true}]}}