{"id":325242,"date":"2026-04-24T09:09:23","date_gmt":"2026-04-24T06:09:23","guid":{"rendered":"https:\/\/ventspils.citro.lv\/veikals\/saldejums-cepums-sokolades-110ml\/"},"modified":"2026-04-24T09:09:32","modified_gmt":"2026-04-24T06:09:32","slug":"saldejums-cepums-sokolades-110ml","status":"publish","type":"product","link":"https:\/\/ventspils.citro.lv\/ru\/veikals\/saldejums-cepums-sokolades-110ml\/","title":{"rendered":"Sald\u0113jums Cepums \u0161okol\u0101des 110ml"},"content":{"rendered":"","protected":false},"excerpt":{"rendered":"<p>12.64 \u20ac\/ml<\/p>\n","protected":false},"featured_media":1252749,"template":"","meta":{"_acf_changed":false,"inline_featured_image":false},"product_cat":[233,555],"product_tag":[],"acf":[],"aioseo_notices":[],"_links":{"self":[{"href":"https:\/\/ventspils.citro.lv\/ru\/wp-json\/wp\/v2\/product\/325242"}],"collection":[{"href":"https:\/\/ventspils.citro.lv\/ru\/wp-json\/wp\/v2\/product"}],"about":[{"href":"https:\/\/ventspils.citro.lv\/ru\/wp-json\/wp\/v2\/types\/product"}],"wp:featuredmedia":[{"embeddable":true,"href":"https:\/\/ventspils.citro.lv\/ru\/wp-json\/wp\/v2\/media\/1252749"}],"wp:attachment":[{"href":"https:\/\/ventspils.citro.lv\/ru\/wp-json\/wp\/v2\/media?parent=325242"}],"wp:term":[{"taxonomy":"product_cat","embeddable":true,"href":"https:\/\/ventspils.citro.lv\/ru\/wp-json\/wp\/v2\/product_cat?post=325242"},{"taxonomy":"product_tag","embeddable":true,"href":"https:\/\/ventspils.citro.lv\/ru\/wp-json\/wp\/v2\/product_tag?post=325242"}],"curies":[{"name":"wp","href":"https:\/\/api.w.org\/{rel}","templated":true}]}}