{"id":325212,"date":"2026-04-24T08:36:43","date_gmt":"2026-04-24T05:36:43","guid":{"rendered":"https:\/\/ventspils.citro.lv\/veikals\/mineraludens-zakumuiza-dabigs-negazets-0-5l-2\/"},"modified":"2026-04-24T08:36:48","modified_gmt":"2026-04-24T05:36:48","slug":"udens-dzeramais-zakumuiza-0-5l","status":"publish","type":"product","link":"https:\/\/ventspils.citro.lv\/ru\/veikals\/udens-dzeramais-zakumuiza-0-5l\/","title":{"rendered":"\u016adens dzeramais Za\u0137umui\u017ea 0.5l"},"content":{"rendered":"","protected":false},"excerpt":{"rendered":"<p>0.84 \u20ac\/l<\/p>\n","protected":false},"featured_media":1252616,"template":"","meta":{"_acf_changed":false,"inline_featured_image":false},"product_cat":[106,186],"product_tag":[],"acf":[],"aioseo_notices":[],"_links":{"self":[{"href":"https:\/\/ventspils.citro.lv\/ru\/wp-json\/wp\/v2\/product\/325212"}],"collection":[{"href":"https:\/\/ventspils.citro.lv\/ru\/wp-json\/wp\/v2\/product"}],"about":[{"href":"https:\/\/ventspils.citro.lv\/ru\/wp-json\/wp\/v2\/types\/product"}],"wp:featuredmedia":[{"embeddable":true,"href":"https:\/\/ventspils.citro.lv\/ru\/wp-json\/wp\/v2\/media\/1252616"}],"wp:attachment":[{"href":"https:\/\/ventspils.citro.lv\/ru\/wp-json\/wp\/v2\/media?parent=325212"}],"wp:term":[{"taxonomy":"product_cat","embeddable":true,"href":"https:\/\/ventspils.citro.lv\/ru\/wp-json\/wp\/v2\/product_cat?post=325212"},{"taxonomy":"product_tag","embeddable":true,"href":"https:\/\/ventspils.citro.lv\/ru\/wp-json\/wp\/v2\/product_tag?post=325212"}],"curies":[{"name":"wp","href":"https:\/\/api.w.org\/{rel}","templated":true}]}}