{"id":32486,"date":"2026-04-24T07:51:35","date_gmt":"2026-04-24T04:51:35","guid":{"rendered":"https:\/\/ventspils.citro.lv\/veikals\/adazu-dipi-darza-zalumi-15g20\/"},"modified":"2026-04-24T07:51:45","modified_gmt":"2026-04-24T04:51:45","slug":"adazu-dipi-darza-zalumi-15g","status":"publish","type":"product","link":"https:\/\/ventspils.citro.lv\/ru\/veikals\/adazu-dipi-darza-zalumi-15g\/","title":{"rendered":"\u0100da\u017eu Dipi D\u0101rza za\u013cumi 15g"},"content":{"rendered":"","protected":false},"excerpt":{"rendered":"<p>6.70 \u20ac\/kg<\/p>\n","protected":false},"featured_media":1252410,"template":"","meta":{"_acf_changed":false,"inline_featured_image":false},"product_cat":[116,208],"product_tag":[],"acf":[],"aioseo_notices":[],"_links":{"self":[{"href":"https:\/\/ventspils.citro.lv\/ru\/wp-json\/wp\/v2\/product\/32486"}],"collection":[{"href":"https:\/\/ventspils.citro.lv\/ru\/wp-json\/wp\/v2\/product"}],"about":[{"href":"https:\/\/ventspils.citro.lv\/ru\/wp-json\/wp\/v2\/types\/product"}],"wp:featuredmedia":[{"embeddable":true,"href":"https:\/\/ventspils.citro.lv\/ru\/wp-json\/wp\/v2\/media\/1252410"}],"wp:attachment":[{"href":"https:\/\/ventspils.citro.lv\/ru\/wp-json\/wp\/v2\/media?parent=32486"}],"wp:term":[{"taxonomy":"product_cat","embeddable":true,"href":"https:\/\/ventspils.citro.lv\/ru\/wp-json\/wp\/v2\/product_cat?post=32486"},{"taxonomy":"product_tag","embeddable":true,"href":"https:\/\/ventspils.citro.lv\/ru\/wp-json\/wp\/v2\/product_tag?post=32486"}],"curies":[{"name":"wp","href":"https:\/\/api.w.org\/{rel}","templated":true}]}}