{"id":32464,"date":"2026-03-13T04:24:59","date_gmt":"2026-03-13T02:24:59","guid":{"rendered":"https:\/\/ventspils.citro.lv\/veikals\/kecups-sasliku-alta-845ml\/"},"modified":"2026-03-13T04:25:05","modified_gmt":"2026-03-13T02:25:05","slug":"kecups-sasliku-alta-845ml","status":"publish","type":"product","link":"https:\/\/ventspils.citro.lv\/ru\/veikals\/kecups-sasliku-alta-845ml\/","title":{"rendered":"Ke\u010dups \u0161a\u0161liku Alta 845ml"},"content":{"rendered":"","protected":false},"excerpt":{"rendered":"<p>2.36 \u20ac\/l<\/p>\n","protected":false},"featured_media":1225234,"template":"","meta":{"_acf_changed":false,"inline_featured_image":false},"product_cat":[116,148],"product_tag":[],"acf":[],"aioseo_notices":[],"_links":{"self":[{"href":"https:\/\/ventspils.citro.lv\/ru\/wp-json\/wp\/v2\/product\/32464"}],"collection":[{"href":"https:\/\/ventspils.citro.lv\/ru\/wp-json\/wp\/v2\/product"}],"about":[{"href":"https:\/\/ventspils.citro.lv\/ru\/wp-json\/wp\/v2\/types\/product"}],"wp:featuredmedia":[{"embeddable":true,"href":"https:\/\/ventspils.citro.lv\/ru\/wp-json\/wp\/v2\/media\/1225234"}],"wp:attachment":[{"href":"https:\/\/ventspils.citro.lv\/ru\/wp-json\/wp\/v2\/media?parent=32464"}],"wp:term":[{"taxonomy":"product_cat","embeddable":true,"href":"https:\/\/ventspils.citro.lv\/ru\/wp-json\/wp\/v2\/product_cat?post=32464"},{"taxonomy":"product_tag","embeddable":true,"href":"https:\/\/ventspils.citro.lv\/ru\/wp-json\/wp\/v2\/product_tag?post=32464"}],"curies":[{"name":"wp","href":"https:\/\/api.w.org\/{rel}","templated":true}]}}