{"id":32394,"date":"2026-05-12T05:42:22","date_gmt":"2026-05-12T02:42:22","guid":{"rendered":"https:\/\/ventspils.citro.lv\/veikals\/merce-saldskaba-stir-fry-bd-120g\/"},"modified":"2026-05-12T05:42:32","modified_gmt":"2026-05-12T02:42:32","slug":"merce-saldskaba-stir-fry-bd-120g","status":"publish","type":"product","link":"https:\/\/ventspils.citro.lv\/ru\/veikals\/merce-saldskaba-stir-fry-bd-120g\/","title":{"rendered":"M\u0113rce saldsk\u0101b\u0101 Stir Fry BD 120g"},"content":{"rendered":"","protected":false},"excerpt":{"rendered":"<p>18.25 \u20ac\/gb<\/p>\n","protected":false},"featured_media":1259193,"template":"","meta":{"_acf_changed":false,"inline_featured_image":false},"product_cat":[116,208],"product_tag":[],"acf":[],"aioseo_notices":[],"_links":{"self":[{"href":"https:\/\/ventspils.citro.lv\/ru\/wp-json\/wp\/v2\/product\/32394"}],"collection":[{"href":"https:\/\/ventspils.citro.lv\/ru\/wp-json\/wp\/v2\/product"}],"about":[{"href":"https:\/\/ventspils.citro.lv\/ru\/wp-json\/wp\/v2\/types\/product"}],"wp:featuredmedia":[{"embeddable":true,"href":"https:\/\/ventspils.citro.lv\/ru\/wp-json\/wp\/v2\/media\/1259193"}],"wp:attachment":[{"href":"https:\/\/ventspils.citro.lv\/ru\/wp-json\/wp\/v2\/media?parent=32394"}],"wp:term":[{"taxonomy":"product_cat","embeddable":true,"href":"https:\/\/ventspils.citro.lv\/ru\/wp-json\/wp\/v2\/product_cat?post=32394"},{"taxonomy":"product_tag","embeddable":true,"href":"https:\/\/ventspils.citro.lv\/ru\/wp-json\/wp\/v2\/product_tag?post=32394"}],"curies":[{"name":"wp","href":"https:\/\/api.w.org\/{rel}","templated":true}]}}