{"id":32323,"date":"2026-03-17T05:48:02","date_gmt":"2026-03-17T03:48:02","guid":{"rendered":"https:\/\/ventspils.citro.lv\/veikals\/merce-salatu-darzenu-380ml\/"},"modified":"2026-04-03T14:35:01","modified_gmt":"2026-04-03T11:35:01","slug":"merce-salatu-darzenu-380ml","status":"publish","type":"product","link":"https:\/\/ventspils.citro.lv\/ru\/veikals\/merce-salatu-darzenu-380ml\/","title":{"rendered":"M\u0113rce sal\u0101tu d\u0101rze\u0146u 380ml"},"content":{"rendered":"","protected":false},"excerpt":{"rendered":"<p>4.97 \u20ac\/l<\/p>\n","protected":false},"featured_media":1226847,"template":"","meta":{"_acf_changed":false,"inline_featured_image":false},"product_cat":[116,208],"product_tag":[],"acf":[],"aioseo_notices":[],"_links":{"self":[{"href":"https:\/\/ventspils.citro.lv\/ru\/wp-json\/wp\/v2\/product\/32323"}],"collection":[{"href":"https:\/\/ventspils.citro.lv\/ru\/wp-json\/wp\/v2\/product"}],"about":[{"href":"https:\/\/ventspils.citro.lv\/ru\/wp-json\/wp\/v2\/types\/product"}],"wp:featuredmedia":[{"embeddable":true,"href":"https:\/\/ventspils.citro.lv\/ru\/wp-json\/wp\/v2\/media\/1226847"}],"wp:attachment":[{"href":"https:\/\/ventspils.citro.lv\/ru\/wp-json\/wp\/v2\/media?parent=32323"}],"wp:term":[{"taxonomy":"product_cat","embeddable":true,"href":"https:\/\/ventspils.citro.lv\/ru\/wp-json\/wp\/v2\/product_cat?post=32323"},{"taxonomy":"product_tag","embeddable":true,"href":"https:\/\/ventspils.citro.lv\/ru\/wp-json\/wp\/v2\/product_tag?post=32323"}],"curies":[{"name":"wp","href":"https:\/\/api.w.org\/{rel}","templated":true}]}}