{"id":32303,"date":"2026-04-24T06:57:14","date_gmt":"2026-04-24T03:57:14","guid":{"rendered":"https:\/\/ventspils.citro.lv\/veikals\/balzamiko-krems-0-25l\/"},"modified":"2026-04-24T06:57:25","modified_gmt":"2026-04-24T03:57:25","slug":"balzamiko-krems-santolino-0-25l","status":"publish","type":"product","link":"https:\/\/ventspils.citro.lv\/ru\/veikals\/balzamiko-krems-santolino-0-25l\/","title":{"rendered":"Balzamiko kr\u0113ms Santolino 0.25l"},"content":{"rendered":"<p>Glab\u0101t v\u0113s\u0101 un saus\u0101 viet\u0101. Sarg\u0101t no tie\u0161u saules staru iedarb\u012bbas. P\u0113c atv\u0113r\u0161anas uzglab\u0101t ledusskap\u012b. Ra\u017eot\u0101js \u2013 \u201eAcetificio Andrea Milano srl\u201c, Stabilimento di Acerra: Localit\u00e0 Pantano Zona Industriale Acerra (NA), It\u0101lija. Partijas Nr. skat\u012bt uz pudeles.<\/p>\n","protected":false},"excerpt":{"rendered":"<p>9.16 \u20ac\/l<\/p>\n","protected":false},"featured_media":1252162,"template":"","meta":{"_acf_changed":false,"inline_featured_image":false},"product_cat":[116,208],"product_tag":[],"acf":[],"aioseo_notices":[],"_links":{"self":[{"href":"https:\/\/ventspils.citro.lv\/ru\/wp-json\/wp\/v2\/product\/32303"}],"collection":[{"href":"https:\/\/ventspils.citro.lv\/ru\/wp-json\/wp\/v2\/product"}],"about":[{"href":"https:\/\/ventspils.citro.lv\/ru\/wp-json\/wp\/v2\/types\/product"}],"wp:featuredmedia":[{"embeddable":true,"href":"https:\/\/ventspils.citro.lv\/ru\/wp-json\/wp\/v2\/media\/1252162"}],"wp:attachment":[{"href":"https:\/\/ventspils.citro.lv\/ru\/wp-json\/wp\/v2\/media?parent=32303"}],"wp:term":[{"taxonomy":"product_cat","embeddable":true,"href":"https:\/\/ventspils.citro.lv\/ru\/wp-json\/wp\/v2\/product_cat?post=32303"},{"taxonomy":"product_tag","embeddable":true,"href":"https:\/\/ventspils.citro.lv\/ru\/wp-json\/wp\/v2\/product_tag?post=32303"}],"curies":[{"name":"wp","href":"https:\/\/api.w.org\/{rel}","templated":true}]}}