{"id":32272,"date":"2026-04-24T06:48:15","date_gmt":"2026-04-24T03:48:15","guid":{"rendered":"https:\/\/ventspils.citro.lv\/veikals\/merce-tomatu-hrenovina-ar-marrutkiem-280g\/"},"modified":"2026-04-24T06:48:19","modified_gmt":"2026-04-24T03:48:19","slug":"merce-tomatu-hrenovina-ar-marrutkiem-280g","status":"publish","type":"product","link":"https:\/\/ventspils.citro.lv\/ru\/veikals\/merce-tomatu-hrenovina-ar-marrutkiem-280g\/","title":{"rendered":"M\u0113rce tom\u0101tu Hrenovina ar m\u0101rrutkiem 280g"},"content":{"rendered":"","protected":false},"excerpt":{"rendered":"<p>6.61 \u20ac\/kg<\/p>\n","protected":false},"featured_media":1252120,"template":"","meta":{"_acf_changed":false,"inline_featured_image":false},"product_cat":[116,148],"product_tag":[],"acf":[],"aioseo_notices":[],"_links":{"self":[{"href":"https:\/\/ventspils.citro.lv\/ru\/wp-json\/wp\/v2\/product\/32272"}],"collection":[{"href":"https:\/\/ventspils.citro.lv\/ru\/wp-json\/wp\/v2\/product"}],"about":[{"href":"https:\/\/ventspils.citro.lv\/ru\/wp-json\/wp\/v2\/types\/product"}],"wp:featuredmedia":[{"embeddable":true,"href":"https:\/\/ventspils.citro.lv\/ru\/wp-json\/wp\/v2\/media\/1252120"}],"wp:attachment":[{"href":"https:\/\/ventspils.citro.lv\/ru\/wp-json\/wp\/v2\/media?parent=32272"}],"wp:term":[{"taxonomy":"product_cat","embeddable":true,"href":"https:\/\/ventspils.citro.lv\/ru\/wp-json\/wp\/v2\/product_cat?post=32272"},{"taxonomy":"product_tag","embeddable":true,"href":"https:\/\/ventspils.citro.lv\/ru\/wp-json\/wp\/v2\/product_tag?post=32272"}],"curies":[{"name":"wp","href":"https:\/\/api.w.org\/{rel}","templated":true}]}}