{"id":32240,"date":"2026-05-12T05:13:02","date_gmt":"2026-05-12T02:13:02","guid":{"rendered":"https:\/\/ventspils.citro.lv\/veikals\/merce-sojas-tumsa-prb-150ml\/"},"modified":"2026-05-12T05:13:06","modified_gmt":"2026-05-12T02:13:06","slug":"merce-sojas-tumsa-prb-150ml","status":"publish","type":"product","link":"https:\/\/ventspils.citro.lv\/ru\/veikals\/merce-sojas-tumsa-prb-150ml\/","title":{"rendered":"M\u0113rce sojas tum\u0161\u0101 PRB 150ml"},"content":{"rendered":"","protected":false},"excerpt":{"rendered":"<p>11.67 \u20ac\/l<\/p>\n","protected":false},"featured_media":1259047,"template":"","meta":{"_acf_changed":false,"inline_featured_image":false},"product_cat":[116,208],"product_tag":[],"acf":[],"aioseo_notices":[],"_links":{"self":[{"href":"https:\/\/ventspils.citro.lv\/ru\/wp-json\/wp\/v2\/product\/32240"}],"collection":[{"href":"https:\/\/ventspils.citro.lv\/ru\/wp-json\/wp\/v2\/product"}],"about":[{"href":"https:\/\/ventspils.citro.lv\/ru\/wp-json\/wp\/v2\/types\/product"}],"wp:featuredmedia":[{"embeddable":true,"href":"https:\/\/ventspils.citro.lv\/ru\/wp-json\/wp\/v2\/media\/1259047"}],"wp:attachment":[{"href":"https:\/\/ventspils.citro.lv\/ru\/wp-json\/wp\/v2\/media?parent=32240"}],"wp:term":[{"taxonomy":"product_cat","embeddable":true,"href":"https:\/\/ventspils.citro.lv\/ru\/wp-json\/wp\/v2\/product_cat?post=32240"},{"taxonomy":"product_tag","embeddable":true,"href":"https:\/\/ventspils.citro.lv\/ru\/wp-json\/wp\/v2\/product_tag?post=32240"}],"curies":[{"name":"wp","href":"https:\/\/api.w.org\/{rel}","templated":true}]}}