{"id":32236,"date":"2026-03-27T07:00:49","date_gmt":"2026-03-27T05:00:49","guid":{"rendered":"https:\/\/ventspils.citro.lv\/veikals\/merce-sojas-gaisa-prb-150ml\/"},"modified":"2026-03-27T07:00:54","modified_gmt":"2026-03-27T05:00:54","slug":"merce-sojas-gaisa-prb-150ml","status":"publish","type":"product","link":"https:\/\/ventspils.citro.lv\/ru\/veikals\/merce-sojas-gaisa-prb-150ml\/","title":{"rendered":"M\u0113rce sojas gai\u0161\u0101 PRB 150ml"},"content":{"rendered":"","protected":false},"excerpt":{"rendered":"<p>6.60 \u20ac\/l<\/p>\n","protected":false},"featured_media":1235721,"template":"","meta":{"_acf_changed":false,"inline_featured_image":false},"product_cat":[116,208],"product_tag":[],"acf":[],"aioseo_notices":[],"_links":{"self":[{"href":"https:\/\/ventspils.citro.lv\/ru\/wp-json\/wp\/v2\/product\/32236"}],"collection":[{"href":"https:\/\/ventspils.citro.lv\/ru\/wp-json\/wp\/v2\/product"}],"about":[{"href":"https:\/\/ventspils.citro.lv\/ru\/wp-json\/wp\/v2\/types\/product"}],"wp:featuredmedia":[{"embeddable":true,"href":"https:\/\/ventspils.citro.lv\/ru\/wp-json\/wp\/v2\/media\/1235721"}],"wp:attachment":[{"href":"https:\/\/ventspils.citro.lv\/ru\/wp-json\/wp\/v2\/media?parent=32236"}],"wp:term":[{"taxonomy":"product_cat","embeddable":true,"href":"https:\/\/ventspils.citro.lv\/ru\/wp-json\/wp\/v2\/product_cat?post=32236"},{"taxonomy":"product_tag","embeddable":true,"href":"https:\/\/ventspils.citro.lv\/ru\/wp-json\/wp\/v2\/product_tag?post=32236"}],"curies":[{"name":"wp","href":"https:\/\/api.w.org\/{rel}","templated":true}]}}