{"id":32222,"date":"2026-03-27T06:48:14","date_gmt":"2026-03-27T04:48:14","guid":{"rendered":"https:\/\/ventspils.citro.lv\/veikals\/merce-cili-salda-ef-250ml\/"},"modified":"2026-03-27T06:48:25","modified_gmt":"2026-03-27T04:48:25","slug":"merce-cili-salda-ef-250ml","status":"publish","type":"product","link":"https:\/\/ventspils.citro.lv\/ru\/veikals\/merce-cili-salda-ef-250ml\/","title":{"rendered":"M\u0113rce \u010dili sald\u0101 EF 250ml"},"content":{"rendered":"","protected":false},"excerpt":{"rendered":"<p>9.16 \u20ac\/l<\/p>\n","protected":false},"featured_media":1235674,"template":"","meta":{"_acf_changed":false,"inline_featured_image":false},"product_cat":[116,208],"product_tag":[],"acf":[],"aioseo_notices":[],"_links":{"self":[{"href":"https:\/\/ventspils.citro.lv\/ru\/wp-json\/wp\/v2\/product\/32222"}],"collection":[{"href":"https:\/\/ventspils.citro.lv\/ru\/wp-json\/wp\/v2\/product"}],"about":[{"href":"https:\/\/ventspils.citro.lv\/ru\/wp-json\/wp\/v2\/types\/product"}],"wp:featuredmedia":[{"embeddable":true,"href":"https:\/\/ventspils.citro.lv\/ru\/wp-json\/wp\/v2\/media\/1235674"}],"wp:attachment":[{"href":"https:\/\/ventspils.citro.lv\/ru\/wp-json\/wp\/v2\/media?parent=32222"}],"wp:term":[{"taxonomy":"product_cat","embeddable":true,"href":"https:\/\/ventspils.citro.lv\/ru\/wp-json\/wp\/v2\/product_cat?post=32222"},{"taxonomy":"product_tag","embeddable":true,"href":"https:\/\/ventspils.citro.lv\/ru\/wp-json\/wp\/v2\/product_tag?post=32222"}],"curies":[{"name":"wp","href":"https:\/\/api.w.org\/{rel}","templated":true}]}}