{"id":32179,"date":"2026-03-27T06:39:42","date_gmt":"2026-03-27T04:39:42","guid":{"rendered":"https:\/\/ventspils.citro.lv\/veikals\/merce-cilli-salda-ef-725ml\/"},"modified":"2026-03-27T06:39:53","modified_gmt":"2026-03-27T04:39:53","slug":"merce-cilli-salda-ef-870g","status":"publish","type":"product","link":"https:\/\/ventspils.citro.lv\/ru\/veikals\/merce-cilli-salda-ef-870g\/","title":{"rendered":"M\u0113rce \u010dilli sald\u0101 EF 870g"},"content":{"rendered":"","protected":false},"excerpt":{"rendered":"<p>5.50 \u20ac\/kg<\/p>\n","protected":false},"featured_media":1235648,"template":"","meta":{"_acf_changed":false,"inline_featured_image":false},"product_cat":[116,208],"product_tag":[],"acf":[],"aioseo_notices":[],"_links":{"self":[{"href":"https:\/\/ventspils.citro.lv\/ru\/wp-json\/wp\/v2\/product\/32179"}],"collection":[{"href":"https:\/\/ventspils.citro.lv\/ru\/wp-json\/wp\/v2\/product"}],"about":[{"href":"https:\/\/ventspils.citro.lv\/ru\/wp-json\/wp\/v2\/types\/product"}],"wp:featuredmedia":[{"embeddable":true,"href":"https:\/\/ventspils.citro.lv\/ru\/wp-json\/wp\/v2\/media\/1235648"}],"wp:attachment":[{"href":"https:\/\/ventspils.citro.lv\/ru\/wp-json\/wp\/v2\/media?parent=32179"}],"wp:term":[{"taxonomy":"product_cat","embeddable":true,"href":"https:\/\/ventspils.citro.lv\/ru\/wp-json\/wp\/v2\/product_cat?post=32179"},{"taxonomy":"product_tag","embeddable":true,"href":"https:\/\/ventspils.citro.lv\/ru\/wp-json\/wp\/v2\/product_tag?post=32179"}],"curies":[{"name":"wp","href":"https:\/\/api.w.org\/{rel}","templated":true}]}}