{"id":32163,"date":"2026-04-10T05:15:14","date_gmt":"2026-04-10T02:15:14","guid":{"rendered":"https:\/\/ventspils.citro.lv\/veikals\/merce-tomatu-kinas-saldsk-ar-mango-spilva-500g\/"},"modified":"2026-04-10T05:15:19","modified_gmt":"2026-04-10T02:15:19","slug":"merce-tomatu-kinas-saldsk-ar-mango-spilva-500g","status":"publish","type":"product","link":"https:\/\/ventspils.citro.lv\/ru\/veikals\/merce-tomatu-kinas-saldsk-ar-mango-spilva-500g\/","title":{"rendered":"M\u0113rce tom\u0101tu \u0136\u012bnas saldsk. ar mango Spilva 500g"},"content":{"rendered":"","protected":false},"excerpt":{"rendered":"<p>3.78 \u20ac\/kg<\/p>\n","protected":false},"featured_media":1243046,"template":"","meta":{"_acf_changed":false,"inline_featured_image":false},"product_cat":[116,148],"product_tag":[],"acf":[],"aioseo_notices":[],"_links":{"self":[{"href":"https:\/\/ventspils.citro.lv\/ru\/wp-json\/wp\/v2\/product\/32163"}],"collection":[{"href":"https:\/\/ventspils.citro.lv\/ru\/wp-json\/wp\/v2\/product"}],"about":[{"href":"https:\/\/ventspils.citro.lv\/ru\/wp-json\/wp\/v2\/types\/product"}],"wp:featuredmedia":[{"embeddable":true,"href":"https:\/\/ventspils.citro.lv\/ru\/wp-json\/wp\/v2\/media\/1243046"}],"wp:attachment":[{"href":"https:\/\/ventspils.citro.lv\/ru\/wp-json\/wp\/v2\/media?parent=32163"}],"wp:term":[{"taxonomy":"product_cat","embeddable":true,"href":"https:\/\/ventspils.citro.lv\/ru\/wp-json\/wp\/v2\/product_cat?post=32163"},{"taxonomy":"product_tag","embeddable":true,"href":"https:\/\/ventspils.citro.lv\/ru\/wp-json\/wp\/v2\/product_tag?post=32163"}],"curies":[{"name":"wp","href":"https:\/\/api.w.org\/{rel}","templated":true}]}}