{"id":32144,"date":"2026-05-09T01:04:43","date_gmt":"2026-05-08T22:04:43","guid":{"rendered":"https:\/\/ventspils.citro.lv\/veikals\/garsviela-maggi-ideja-vistas-galai-ar-kiplokiem-30g\/"},"modified":"2026-05-09T01:04:54","modified_gmt":"2026-05-08T22:04:54","slug":"garsviela-maggi-ideja-vistas-galai-ar-kiplokiem-30g","status":"publish","type":"product","link":"https:\/\/ventspils.citro.lv\/ru\/veikals\/garsviela-maggi-ideja-vistas-galai-ar-kiplokiem-30g\/","title":{"rendered":"Gar\u0161viela Maggi Ideja vistas ga\u013cai ar \u0137iplokiem 30g"},"content":{"rendered":"","protected":false},"excerpt":{"rendered":"<p>58.00 \u20ac\/kg<\/p>\n","protected":false},"featured_media":1258113,"template":"","meta":{"_acf_changed":false,"inline_featured_image":false},"product_cat":[116,165],"product_tag":[],"acf":[],"aioseo_notices":[],"_links":{"self":[{"href":"https:\/\/ventspils.citro.lv\/ru\/wp-json\/wp\/v2\/product\/32144"}],"collection":[{"href":"https:\/\/ventspils.citro.lv\/ru\/wp-json\/wp\/v2\/product"}],"about":[{"href":"https:\/\/ventspils.citro.lv\/ru\/wp-json\/wp\/v2\/types\/product"}],"wp:featuredmedia":[{"embeddable":true,"href":"https:\/\/ventspils.citro.lv\/ru\/wp-json\/wp\/v2\/media\/1258113"}],"wp:attachment":[{"href":"https:\/\/ventspils.citro.lv\/ru\/wp-json\/wp\/v2\/media?parent=32144"}],"wp:term":[{"taxonomy":"product_cat","embeddable":true,"href":"https:\/\/ventspils.citro.lv\/ru\/wp-json\/wp\/v2\/product_cat?post=32144"},{"taxonomy":"product_tag","embeddable":true,"href":"https:\/\/ventspils.citro.lv\/ru\/wp-json\/wp\/v2\/product_tag?post=32144"}],"curies":[{"name":"wp","href":"https:\/\/api.w.org\/{rel}","templated":true}]}}