{"id":32112,"date":"2026-04-24T05:45:27","date_gmt":"2026-04-24T02:45:27","guid":{"rendered":"https:\/\/ventspils.citro.lv\/veikals\/rivetas-dzervenes-ar-cukuru-420g\/"},"modified":"2026-04-24T05:45:31","modified_gmt":"2026-04-24T02:45:31","slug":"rivetas-dzervenes-ar-cukuru-420g","status":"publish","type":"product","link":"https:\/\/ventspils.citro.lv\/ru\/veikals\/rivetas-dzervenes-ar-cukuru-420g\/","title":{"rendered":"R\u012bv\u0113tas dz\u0113rvenes ar cukuru 420g"},"content":{"rendered":"","protected":false},"excerpt":{"rendered":"<p>7.12 \u20ac\/kg<\/p>\n","protected":false},"featured_media":1251841,"template":"","meta":{"_acf_changed":false,"inline_featured_image":false},"product_cat":[103,193],"product_tag":[],"acf":[],"aioseo_notices":[],"_links":{"self":[{"href":"https:\/\/ventspils.citro.lv\/ru\/wp-json\/wp\/v2\/product\/32112"}],"collection":[{"href":"https:\/\/ventspils.citro.lv\/ru\/wp-json\/wp\/v2\/product"}],"about":[{"href":"https:\/\/ventspils.citro.lv\/ru\/wp-json\/wp\/v2\/types\/product"}],"wp:featuredmedia":[{"embeddable":true,"href":"https:\/\/ventspils.citro.lv\/ru\/wp-json\/wp\/v2\/media\/1251841"}],"wp:attachment":[{"href":"https:\/\/ventspils.citro.lv\/ru\/wp-json\/wp\/v2\/media?parent=32112"}],"wp:term":[{"taxonomy":"product_cat","embeddable":true,"href":"https:\/\/ventspils.citro.lv\/ru\/wp-json\/wp\/v2\/product_cat?post=32112"},{"taxonomy":"product_tag","embeddable":true,"href":"https:\/\/ventspils.citro.lv\/ru\/wp-json\/wp\/v2\/product_tag?post=32112"}],"curies":[{"name":"wp","href":"https:\/\/api.w.org\/{rel}","templated":true}]}}