{"id":31991,"date":"2026-04-24T05:01:34","date_gmt":"2026-04-24T02:01:34","guid":{"rendered":"https:\/\/ventspils.citro.lv\/veikals\/nektars-tymbark-multivitaminu-2l\/"},"modified":"2026-04-24T05:01:47","modified_gmt":"2026-04-24T02:01:47","slug":"nektars-tymbark-multiauglu-burkanu-2l","status":"publish","type":"product","link":"https:\/\/ventspils.citro.lv\/ru\/veikals\/nektars-tymbark-multiauglu-burkanu-2l\/","title":{"rendered":"Nekt\u0101rs Tymbark multiaug\u013cu-burk\u0101nu 2l"},"content":{"rendered":"","protected":false},"excerpt":{"rendered":"<p>1.50 \u20ac\/l<\/p>\n","protected":false},"featured_media":1251657,"template":"","meta":{"_acf_changed":false,"inline_featured_image":false},"product_cat":[106,124],"product_tag":[],"acf":[],"aioseo_notices":[],"_links":{"self":[{"href":"https:\/\/ventspils.citro.lv\/ru\/wp-json\/wp\/v2\/product\/31991"}],"collection":[{"href":"https:\/\/ventspils.citro.lv\/ru\/wp-json\/wp\/v2\/product"}],"about":[{"href":"https:\/\/ventspils.citro.lv\/ru\/wp-json\/wp\/v2\/types\/product"}],"wp:featuredmedia":[{"embeddable":true,"href":"https:\/\/ventspils.citro.lv\/ru\/wp-json\/wp\/v2\/media\/1251657"}],"wp:attachment":[{"href":"https:\/\/ventspils.citro.lv\/ru\/wp-json\/wp\/v2\/media?parent=31991"}],"wp:term":[{"taxonomy":"product_cat","embeddable":true,"href":"https:\/\/ventspils.citro.lv\/ru\/wp-json\/wp\/v2\/product_cat?post=31991"},{"taxonomy":"product_tag","embeddable":true,"href":"https:\/\/ventspils.citro.lv\/ru\/wp-json\/wp\/v2\/product_tag?post=31991"}],"curies":[{"name":"wp","href":"https:\/\/api.w.org\/{rel}","templated":true}]}}