{"id":31979,"date":"2025-11-22T03:36:02","date_gmt":"2025-11-22T01:36:02","guid":{"rendered":"https:\/\/ventspils.citro.lv\/veikals\/garsviela-maggi-ideja-vistas-garsv-krejuma-merce-30g\/"},"modified":"2026-02-17T13:48:14","modified_gmt":"2026-02-17T11:48:14","slug":"garsviela-maggi-ideja-vistas-garsv-krejuma-merce-30g","status":"publish","type":"product","link":"https:\/\/ventspils.citro.lv\/ru\/veikals\/garsviela-maggi-ideja-vistas-garsv-krejuma-merce-30g\/","title":{"rendered":"Gar\u0161viela Maggi Ideja Vistas gar\u0161v.,kr\u0113juma m\u0113rc\u0113 30g"},"content":{"rendered":"","protected":false},"excerpt":{"rendered":"<p>38.33 \u20ac\/kg<\/p>\n","protected":false},"featured_media":1163506,"template":"","meta":{"_acf_changed":false,"inline_featured_image":false},"product_cat":[116,165],"product_tag":[],"acf":[],"aioseo_notices":[],"_links":{"self":[{"href":"https:\/\/ventspils.citro.lv\/ru\/wp-json\/wp\/v2\/product\/31979"}],"collection":[{"href":"https:\/\/ventspils.citro.lv\/ru\/wp-json\/wp\/v2\/product"}],"about":[{"href":"https:\/\/ventspils.citro.lv\/ru\/wp-json\/wp\/v2\/types\/product"}],"wp:featuredmedia":[{"embeddable":true,"href":"https:\/\/ventspils.citro.lv\/ru\/wp-json\/wp\/v2\/media\/1163506"}],"wp:attachment":[{"href":"https:\/\/ventspils.citro.lv\/ru\/wp-json\/wp\/v2\/media?parent=31979"}],"wp:term":[{"taxonomy":"product_cat","embeddable":true,"href":"https:\/\/ventspils.citro.lv\/ru\/wp-json\/wp\/v2\/product_cat?post=31979"},{"taxonomy":"product_tag","embeddable":true,"href":"https:\/\/ventspils.citro.lv\/ru\/wp-json\/wp\/v2\/product_tag?post=31979"}],"curies":[{"name":"wp","href":"https:\/\/api.w.org\/{rel}","templated":true}]}}